{"id":2056,"date":"2025-11-17T20:41:41","date_gmt":"2025-11-17T20:41:41","guid":{"rendered":"https:\/\/rippaiberica.com\/?post_type=product&#038;p=2056"},"modified":"2025-11-17T20:42:11","modified_gmt":"2025-11-17T20:42:11","slug":"r13-quick-coupler","status":"publish","type":"product","link":"https:\/\/rippaiberica.com\/?product=r13-quick-coupler","title":{"rendered":"R13 quick coupler"},"content":{"rendered":"","protected":false},"excerpt":{"rendered":"<h3>Acople R\u00e1pido para Excavadoras: Productividad M\u00e1xima<\/h3>\n<p>El <b>enganche r\u00e1pido<\/b> (o acople r\u00e1pido) es el accesorio perfecto para su excavadora, ya que permite cambiar los implementos (o accesorios) de forma r\u00e1pida y sencilla. Ya sean cazos, pinzas u otras herramientas, el enganche r\u00e1pido asegura un <b>tiempo de inactividad m\u00ednimo<\/b> y la <b>m\u00e1xima productividad<\/b> en la obra.<\/p>\n<ul>\n<li><b>Cambio r\u00e1pido (Ahorro de tiempo):<\/b> Permite la sustituci\u00f3n veloz de implementos sin necesidad de herramientas adicionales.<\/li>\n<li><b>Construcci\u00f3n robusta:<\/b> Fabricado en <b>acero de alta calidad<\/b> para soportar las exigencias de las condiciones m\u00e1s duras de la obra.<\/li>\n<li><b>Uso flexible:<\/b> Compatible con una amplia gama de implementos.<\/li>\n<li><b>Manejo sencillo:<\/b> Operaci\u00f3n intuitiva para conexiones seguras y sin esfuerzo.<\/li>\n<\/ul>\n","protected":false},"featured_media":2055,"template":"","meta":{"_seopress_robots_primary_cat":"none","_seopress_titles_title":"","_seopress_titles_desc":"","_seopress_robots_index":"","_kad_post_transparent":"default","_kad_post_title":"","_kad_post_layout":"default","_kad_post_sidebar_id":"","_kad_post_content_style":"default","_kad_post_vertical_padding":"default","_kad_post_feature":"","_kad_post_feature_position":"","_kad_post_header":false,"_kad_post_footer":false},"product_brand":[],"product_cat":[20],"product_tag":[],"class_list":{"0":"post-2056","1":"product","2":"type-product","3":"status-publish","4":"has-post-thumbnail","6":"product_cat-r13-pro","8":"first","9":"instock","10":"shipping-taxable","11":"purchasable","12":"product-type-simple","13":"entry","14":"content-bg","15":"loop-entry"},"yoast_head":"<!-- This site is optimized with the Yoast SEO plugin v26.5 - https:\/\/yoast.com\/wordpress\/plugins\/seo\/ -->\n<title>R13 quick coupler - Rippa Iberica - Espa\u00f1a y Portugal<\/title>\n<meta name=\"robots\" content=\"index, follow, max-snippet:-1, max-image-preview:large, max-video-preview:-1\" \/>\n<link rel=\"canonical\" href=\"https:\/\/rippaiberica.com\/?product=r13-quick-coupler\" \/>\n<meta property=\"og:locale\" content=\"es_ES\" \/>\n<meta property=\"og:type\" content=\"article\" \/>\n<meta property=\"og:title\" content=\"R13 quick coupler - Rippa Iberica - Espa\u00f1a y Portugal\" \/>\n<meta property=\"og:description\" content=\"Acople R\u00e1pido para Excavadoras: Productividad M\u00e1xima El enganche r\u00e1pido (o acople r\u00e1pido) es el accesorio perfecto para su excavadora, ya que permite cambiar los implementos (o accesorios) de forma r\u00e1pida y sencilla. Ya sean cazos, pinzas u otras herramientas, el enganche r\u00e1pido asegura un tiempo de inactividad m\u00ednimo y la m\u00e1xima productividad en la obra.   Cambio r\u00e1pido (Ahorro de tiempo): Permite la sustituci\u00f3n veloz de implementos sin necesidad de herramientas adicionales.  Construcci\u00f3n robusta: Fabricado en acero de alta calidad para soportar las exigencias de las condiciones m\u00e1s duras de la obra.  Uso flexible: Compatible con una amplia gama de implementos.  Manejo sencillo: Operaci\u00f3n intuitiva para conexiones seguras y sin esfuerzo.\" \/>\n<meta property=\"og:url\" content=\"https:\/\/rippaiberica.com\/?product=r13-quick-coupler\" \/>\n<meta property=\"og:site_name\" content=\"Rippa Iberica - Espa\u00f1a y Portugal\" \/>\n<meta property=\"article:modified_time\" content=\"2025-11-17T20:42:11+00:00\" \/>\n<meta property=\"og:image\" content=\"https:\/\/rippaiberica.com\/wp-content\/uploads\/2025\/11\/quick-coupler.webp\" \/>\n\t<meta property=\"og:image:width\" content=\"1280\" \/>\n\t<meta property=\"og:image:height\" content=\"1280\" \/>\n\t<meta property=\"og:image:type\" content=\"image\/webp\" \/>\n<meta name=\"twitter:card\" content=\"summary_large_image\" \/>\n<script type=\"application\/ld+json\" class=\"yoast-schema-graph\">{\"@context\":\"https:\/\/schema.org\",\"@graph\":[{\"@type\":\"WebPage\",\"@id\":\"https:\/\/rippaiberica.com\/?product=r13-quick-coupler\",\"url\":\"https:\/\/rippaiberica.com\/?product=r13-quick-coupler\",\"name\":\"R13 quick coupler - Rippa Iberica - Espa\u00f1a y Portugal\",\"isPartOf\":{\"@id\":\"https:\/\/rippaiberica.com\/#website\"},\"primaryImageOfPage\":{\"@id\":\"https:\/\/rippaiberica.com\/?product=r13-quick-coupler#primaryimage\"},\"image\":{\"@id\":\"https:\/\/rippaiberica.com\/?product=r13-quick-coupler#primaryimage\"},\"thumbnailUrl\":\"https:\/\/rippaiberica.com\/wp-content\/uploads\/2025\/11\/quick-coupler.webp\",\"datePublished\":\"2025-11-17T20:41:41+00:00\",\"dateModified\":\"2025-11-17T20:42:11+00:00\",\"breadcrumb\":{\"@id\":\"https:\/\/rippaiberica.com\/?product=r13-quick-coupler#breadcrumb\"},\"inLanguage\":\"es\",\"potentialAction\":[{\"@type\":\"ReadAction\",\"target\":[\"https:\/\/rippaiberica.com\/?product=r13-quick-coupler\"]}]},{\"@type\":\"ImageObject\",\"inLanguage\":\"es\",\"@id\":\"https:\/\/rippaiberica.com\/?product=r13-quick-coupler#primaryimage\",\"url\":\"https:\/\/rippaiberica.com\/wp-content\/uploads\/2025\/11\/quick-coupler.webp\",\"contentUrl\":\"https:\/\/rippaiberica.com\/wp-content\/uploads\/2025\/11\/quick-coupler.webp\",\"width\":1280,\"height\":1280},{\"@type\":\"BreadcrumbList\",\"@id\":\"https:\/\/rippaiberica.com\/?product=r13-quick-coupler#breadcrumb\",\"itemListElement\":[{\"@type\":\"ListItem\",\"position\":1,\"name\":\"Inicio\",\"item\":\"https:\/\/rippaiberica.com\/\"},{\"@type\":\"ListItem\",\"position\":2,\"name\":\"Shop\",\"item\":\"https:\/\/rippaiberica.com\/?page_id=1708\"},{\"@type\":\"ListItem\",\"position\":3,\"name\":\"R13 quick coupler\"}]},{\"@type\":\"WebSite\",\"@id\":\"https:\/\/rippaiberica.com\/#website\",\"url\":\"https:\/\/rippaiberica.com\/\",\"name\":\"Rippa Iberica - Espa\u00f1a y Portugal\",\"description\":\"\",\"publisher\":{\"@id\":\"https:\/\/rippaiberica.com\/#organization\"},\"potentialAction\":[{\"@type\":\"SearchAction\",\"target\":{\"@type\":\"EntryPoint\",\"urlTemplate\":\"https:\/\/rippaiberica.com\/?s={search_term_string}\"},\"query-input\":{\"@type\":\"PropertyValueSpecification\",\"valueRequired\":true,\"valueName\":\"search_term_string\"}}],\"inLanguage\":\"es\"},{\"@type\":\"Organization\",\"@id\":\"https:\/\/rippaiberica.com\/#organization\",\"name\":\"Rippa Iberica - Espa\u00f1a y Portugal\",\"url\":\"https:\/\/rippaiberica.com\/\",\"logo\":{\"@type\":\"ImageObject\",\"inLanguage\":\"es\",\"@id\":\"https:\/\/rippaiberica.com\/#\/schema\/logo\/image\/\",\"url\":\"https:\/\/rippaiberica.com\/wp-content\/uploads\/2025\/10\/logo-blanco.png\",\"contentUrl\":\"https:\/\/rippaiberica.com\/wp-content\/uploads\/2025\/10\/logo-blanco.png\",\"width\":1920,\"height\":578,\"caption\":\"Rippa Iberica - Espa\u00f1a y Portugal\"},\"image\":{\"@id\":\"https:\/\/rippaiberica.com\/#\/schema\/logo\/image\/\"}}]}<\/script>\n<!-- \/ Yoast SEO plugin. -->","yoast_head_json":{"title":"R13 quick coupler - Rippa Iberica - Espa\u00f1a y Portugal","robots":{"index":"index","follow":"follow","max-snippet":"max-snippet:-1","max-image-preview":"max-image-preview:large","max-video-preview":"max-video-preview:-1"},"canonical":"https:\/\/rippaiberica.com\/?product=r13-quick-coupler","og_locale":"es_ES","og_type":"article","og_title":"R13 quick coupler - Rippa Iberica - Espa\u00f1a y Portugal","og_description":"Acople R\u00e1pido para Excavadoras: Productividad M\u00e1xima El enganche r\u00e1pido (o acople r\u00e1pido) es el accesorio perfecto para su excavadora, ya que permite cambiar los implementos (o accesorios) de forma r\u00e1pida y sencilla. Ya sean cazos, pinzas u otras herramientas, el enganche r\u00e1pido asegura un tiempo de inactividad m\u00ednimo y la m\u00e1xima productividad en la obra.   Cambio r\u00e1pido (Ahorro de tiempo): Permite la sustituci\u00f3n veloz de implementos sin necesidad de herramientas adicionales.  Construcci\u00f3n robusta: Fabricado en acero de alta calidad para soportar las exigencias de las condiciones m\u00e1s duras de la obra.  Uso flexible: Compatible con una amplia gama de implementos.  Manejo sencillo: Operaci\u00f3n intuitiva para conexiones seguras y sin esfuerzo.","og_url":"https:\/\/rippaiberica.com\/?product=r13-quick-coupler","og_site_name":"Rippa Iberica - Espa\u00f1a y Portugal","article_modified_time":"2025-11-17T20:42:11+00:00","og_image":[{"width":1280,"height":1280,"url":"https:\/\/rippaiberica.com\/wp-content\/uploads\/2025\/11\/quick-coupler.webp","type":"image\/webp"}],"twitter_card":"summary_large_image","schema":{"@context":"https:\/\/schema.org","@graph":[{"@type":"WebPage","@id":"https:\/\/rippaiberica.com\/?product=r13-quick-coupler","url":"https:\/\/rippaiberica.com\/?product=r13-quick-coupler","name":"R13 quick coupler - Rippa Iberica - Espa\u00f1a y Portugal","isPartOf":{"@id":"https:\/\/rippaiberica.com\/#website"},"primaryImageOfPage":{"@id":"https:\/\/rippaiberica.com\/?product=r13-quick-coupler#primaryimage"},"image":{"@id":"https:\/\/rippaiberica.com\/?product=r13-quick-coupler#primaryimage"},"thumbnailUrl":"https:\/\/rippaiberica.com\/wp-content\/uploads\/2025\/11\/quick-coupler.webp","datePublished":"2025-11-17T20:41:41+00:00","dateModified":"2025-11-17T20:42:11+00:00","breadcrumb":{"@id":"https:\/\/rippaiberica.com\/?product=r13-quick-coupler#breadcrumb"},"inLanguage":"es","potentialAction":[{"@type":"ReadAction","target":["https:\/\/rippaiberica.com\/?product=r13-quick-coupler"]}]},{"@type":"ImageObject","inLanguage":"es","@id":"https:\/\/rippaiberica.com\/?product=r13-quick-coupler#primaryimage","url":"https:\/\/rippaiberica.com\/wp-content\/uploads\/2025\/11\/quick-coupler.webp","contentUrl":"https:\/\/rippaiberica.com\/wp-content\/uploads\/2025\/11\/quick-coupler.webp","width":1280,"height":1280},{"@type":"BreadcrumbList","@id":"https:\/\/rippaiberica.com\/?product=r13-quick-coupler#breadcrumb","itemListElement":[{"@type":"ListItem","position":1,"name":"Inicio","item":"https:\/\/rippaiberica.com\/"},{"@type":"ListItem","position":2,"name":"Shop","item":"https:\/\/rippaiberica.com\/?page_id=1708"},{"@type":"ListItem","position":3,"name":"R13 quick coupler"}]},{"@type":"WebSite","@id":"https:\/\/rippaiberica.com\/#website","url":"https:\/\/rippaiberica.com\/","name":"Rippa Iberica - Espa\u00f1a y Portugal","description":"","publisher":{"@id":"https:\/\/rippaiberica.com\/#organization"},"potentialAction":[{"@type":"SearchAction","target":{"@type":"EntryPoint","urlTemplate":"https:\/\/rippaiberica.com\/?s={search_term_string}"},"query-input":{"@type":"PropertyValueSpecification","valueRequired":true,"valueName":"search_term_string"}}],"inLanguage":"es"},{"@type":"Organization","@id":"https:\/\/rippaiberica.com\/#organization","name":"Rippa Iberica - Espa\u00f1a y Portugal","url":"https:\/\/rippaiberica.com\/","logo":{"@type":"ImageObject","inLanguage":"es","@id":"https:\/\/rippaiberica.com\/#\/schema\/logo\/image\/","url":"https:\/\/rippaiberica.com\/wp-content\/uploads\/2025\/10\/logo-blanco.png","contentUrl":"https:\/\/rippaiberica.com\/wp-content\/uploads\/2025\/10\/logo-blanco.png","width":1920,"height":578,"caption":"Rippa Iberica - Espa\u00f1a y Portugal"},"image":{"@id":"https:\/\/rippaiberica.com\/#\/schema\/logo\/image\/"}}]}},"jetpack_sharing_enabled":true,"_links":{"self":[{"href":"https:\/\/rippaiberica.com\/index.php?rest_route=\/wp\/v2\/product\/2056","targetHints":{"allow":["GET"]}}],"collection":[{"href":"https:\/\/rippaiberica.com\/index.php?rest_route=\/wp\/v2\/product"}],"about":[{"href":"https:\/\/rippaiberica.com\/index.php?rest_route=\/wp\/v2\/types\/product"}],"wp:featuredmedia":[{"embeddable":true,"href":"https:\/\/rippaiberica.com\/index.php?rest_route=\/wp\/v2\/media\/2055"}],"wp:attachment":[{"href":"https:\/\/rippaiberica.com\/index.php?rest_route=%2Fwp%2Fv2%2Fmedia&parent=2056"}],"wp:term":[{"taxonomy":"product_brand","embeddable":true,"href":"https:\/\/rippaiberica.com\/index.php?rest_route=%2Fwp%2Fv2%2Fproduct_brand&post=2056"},{"taxonomy":"product_cat","embeddable":true,"href":"https:\/\/rippaiberica.com\/index.php?rest_route=%2Fwp%2Fv2%2Fproduct_cat&post=2056"},{"taxonomy":"product_tag","embeddable":true,"href":"https:\/\/rippaiberica.com\/index.php?rest_route=%2Fwp%2Fv2%2Fproduct_tag&post=2056"}],"curies":[{"name":"wp","href":"https:\/\/api.w.org\/{rel}","templated":true}]}}