{"id":2051,"date":"2025-11-17T20:31:44","date_gmt":"2025-11-17T20:31:44","guid":{"rendered":"https:\/\/rippaiberica.com\/?post_type=product&#038;p=2051"},"modified":"2025-11-30T09:44:44","modified_gmt":"2025-11-30T09:44:44","slug":"r18-hydraulic-gripper","status":"publish","type":"product","link":"https:\/\/rippaiberica.com\/?product=r18-hydraulic-gripper","title":{"rendered":"R18- Hydraulic gripper"},"content":{"rendered":"","protected":false},"excerpt":{"rendered":"<h3>Pinza Hidr\u00e1ulica para Excavadoras: M\u00e1ximo Control y Versatilidad<\/h3>\n<p>La <b>pinza hidr\u00e1ulica<\/b> es el complemento ideal para su excavadora cuando se trata de agarrar, levantar y clasificar materiales con precisi\u00f3n. Ya sea madera, piedras o chatarra, con su control hidr\u00e1ulico, esta pinza garantiza la <b>m\u00e1xima eficiencia y flexibilidad<\/b> en una amplia gama de proyectos.<\/p>\n<ul>\n<li><b>Control hidr\u00e1ulico preciso:<\/b> Permite el agarre seguro y controlado de objetos pesados y de forma irregular.<\/li>\n<li><b>Construcci\u00f3n robusta:<\/b> Fabricada en <b>acero de alta resistencia<\/b> para soportar incluso el uso intensivo.<\/li>\n<li><b>Vers\u00e1til:<\/b> Perfecta para reciclaje, trabajos forestales (o silvicultura), proyectos de demolici\u00f3n y manipulaci\u00f3n de materiales.<\/li>\n<\/ul>\n","protected":false},"featured_media":1996,"template":"","meta":{"_seopress_robots_primary_cat":"none","_seopress_titles_title":"","_seopress_titles_desc":"","_seopress_robots_index":"","_kad_post_transparent":"default","_kad_post_title":"","_kad_post_layout":"default","_kad_post_sidebar_id":"","_kad_post_content_style":"default","_kad_post_vertical_padding":"default","_kad_post_feature":"","_kad_post_feature_position":"","_kad_post_header":false,"_kad_post_footer":false},"product_brand":[],"product_cat":[22],"product_tag":[],"class_list":{"0":"post-2051","1":"product","2":"type-product","3":"status-publish","4":"has-post-thumbnail","6":"product_cat-r18-pro","8":"first","9":"instock","10":"shipping-taxable","11":"purchasable","12":"product-type-simple","13":"entry","14":"content-bg","15":"loop-entry"},"yoast_head":"<!-- This site is optimized with the Yoast SEO plugin v26.5 - https:\/\/yoast.com\/wordpress\/plugins\/seo\/ -->\n<title>R18- Hydraulic gripper - Rippa Iberica - Espa\u00f1a y Portugal<\/title>\n<meta name=\"robots\" content=\"index, follow, max-snippet:-1, max-image-preview:large, max-video-preview:-1\" \/>\n<link rel=\"canonical\" href=\"https:\/\/rippaiberica.com\/?product=r18-hydraulic-gripper\" \/>\n<meta property=\"og:locale\" content=\"es_ES\" \/>\n<meta property=\"og:type\" content=\"article\" \/>\n<meta property=\"og:title\" content=\"R18- Hydraulic gripper - Rippa Iberica - Espa\u00f1a y Portugal\" \/>\n<meta property=\"og:description\" content=\"Pinza Hidr\u00e1ulica para Excavadoras: M\u00e1ximo Control y Versatilidad La pinza hidr\u00e1ulica es el complemento ideal para su excavadora cuando se trata de agarrar, levantar y clasificar materiales con precisi\u00f3n. Ya sea madera, piedras o chatarra, con su control hidr\u00e1ulico, esta pinza garantiza la m\u00e1xima eficiencia y flexibilidad en una amplia gama de proyectos.   Control hidr\u00e1ulico preciso: Permite el agarre seguro y controlado de objetos pesados y de forma irregular.  Construcci\u00f3n robusta: Fabricada en acero de alta resistencia para soportar incluso el uso intensivo.  Vers\u00e1til: Perfecta para reciclaje, trabajos forestales (o silvicultura), proyectos de demolici\u00f3n y manipulaci\u00f3n de materiales.\" \/>\n<meta property=\"og:url\" content=\"https:\/\/rippaiberica.com\/?product=r18-hydraulic-gripper\" \/>\n<meta property=\"og:site_name\" content=\"Rippa Iberica - Espa\u00f1a y Portugal\" \/>\n<meta property=\"article:modified_time\" content=\"2025-11-30T09:44:44+00:00\" \/>\n<meta property=\"og:image\" content=\"https:\/\/rippaiberica.com\/wp-content\/uploads\/2025\/11\/Mechanical-gripper.webp\" \/>\n\t<meta property=\"og:image:width\" content=\"600\" \/>\n\t<meta property=\"og:image:height\" content=\"600\" \/>\n\t<meta property=\"og:image:type\" content=\"image\/webp\" \/>\n<meta name=\"twitter:card\" content=\"summary_large_image\" \/>\n<script type=\"application\/ld+json\" class=\"yoast-schema-graph\">{\"@context\":\"https:\/\/schema.org\",\"@graph\":[{\"@type\":\"WebPage\",\"@id\":\"https:\/\/rippaiberica.com\/?product=r18-hydraulic-gripper\",\"url\":\"https:\/\/rippaiberica.com\/?product=r18-hydraulic-gripper\",\"name\":\"R18- Hydraulic gripper - Rippa Iberica - Espa\u00f1a y Portugal\",\"isPartOf\":{\"@id\":\"https:\/\/rippaiberica.com\/#website\"},\"primaryImageOfPage\":{\"@id\":\"https:\/\/rippaiberica.com\/?product=r18-hydraulic-gripper#primaryimage\"},\"image\":{\"@id\":\"https:\/\/rippaiberica.com\/?product=r18-hydraulic-gripper#primaryimage\"},\"thumbnailUrl\":\"https:\/\/rippaiberica.com\/wp-content\/uploads\/2025\/11\/Mechanical-gripper.webp\",\"datePublished\":\"2025-11-17T20:31:44+00:00\",\"dateModified\":\"2025-11-30T09:44:44+00:00\",\"breadcrumb\":{\"@id\":\"https:\/\/rippaiberica.com\/?product=r18-hydraulic-gripper#breadcrumb\"},\"inLanguage\":\"es\",\"potentialAction\":[{\"@type\":\"ReadAction\",\"target\":[\"https:\/\/rippaiberica.com\/?product=r18-hydraulic-gripper\"]}]},{\"@type\":\"ImageObject\",\"inLanguage\":\"es\",\"@id\":\"https:\/\/rippaiberica.com\/?product=r18-hydraulic-gripper#primaryimage\",\"url\":\"https:\/\/rippaiberica.com\/wp-content\/uploads\/2025\/11\/Mechanical-gripper.webp\",\"contentUrl\":\"https:\/\/rippaiberica.com\/wp-content\/uploads\/2025\/11\/Mechanical-gripper.webp\",\"width\":600,\"height\":600},{\"@type\":\"BreadcrumbList\",\"@id\":\"https:\/\/rippaiberica.com\/?product=r18-hydraulic-gripper#breadcrumb\",\"itemListElement\":[{\"@type\":\"ListItem\",\"position\":1,\"name\":\"Inicio\",\"item\":\"https:\/\/rippaiberica.com\/\"},{\"@type\":\"ListItem\",\"position\":2,\"name\":\"Shop\",\"item\":\"https:\/\/rippaiberica.com\/?page_id=1708\"},{\"@type\":\"ListItem\",\"position\":3,\"name\":\"R18- Hydraulic gripper\"}]},{\"@type\":\"WebSite\",\"@id\":\"https:\/\/rippaiberica.com\/#website\",\"url\":\"https:\/\/rippaiberica.com\/\",\"name\":\"Rippa Iberica - Espa\u00f1a y Portugal\",\"description\":\"\",\"publisher\":{\"@id\":\"https:\/\/rippaiberica.com\/#organization\"},\"potentialAction\":[{\"@type\":\"SearchAction\",\"target\":{\"@type\":\"EntryPoint\",\"urlTemplate\":\"https:\/\/rippaiberica.com\/?s={search_term_string}\"},\"query-input\":{\"@type\":\"PropertyValueSpecification\",\"valueRequired\":true,\"valueName\":\"search_term_string\"}}],\"inLanguage\":\"es\"},{\"@type\":\"Organization\",\"@id\":\"https:\/\/rippaiberica.com\/#organization\",\"name\":\"Rippa Iberica - Espa\u00f1a y Portugal\",\"url\":\"https:\/\/rippaiberica.com\/\",\"logo\":{\"@type\":\"ImageObject\",\"inLanguage\":\"es\",\"@id\":\"https:\/\/rippaiberica.com\/#\/schema\/logo\/image\/\",\"url\":\"https:\/\/rippaiberica.com\/wp-content\/uploads\/2025\/10\/logo-blanco.png\",\"contentUrl\":\"https:\/\/rippaiberica.com\/wp-content\/uploads\/2025\/10\/logo-blanco.png\",\"width\":1920,\"height\":578,\"caption\":\"Rippa Iberica - Espa\u00f1a y Portugal\"},\"image\":{\"@id\":\"https:\/\/rippaiberica.com\/#\/schema\/logo\/image\/\"}}]}<\/script>\n<!-- \/ Yoast SEO plugin. -->","yoast_head_json":{"title":"R18- Hydraulic gripper - Rippa Iberica - Espa\u00f1a y Portugal","robots":{"index":"index","follow":"follow","max-snippet":"max-snippet:-1","max-image-preview":"max-image-preview:large","max-video-preview":"max-video-preview:-1"},"canonical":"https:\/\/rippaiberica.com\/?product=r18-hydraulic-gripper","og_locale":"es_ES","og_type":"article","og_title":"R18- Hydraulic gripper - Rippa Iberica - Espa\u00f1a y Portugal","og_description":"Pinza Hidr\u00e1ulica para Excavadoras: M\u00e1ximo Control y Versatilidad La pinza hidr\u00e1ulica es el complemento ideal para su excavadora cuando se trata de agarrar, levantar y clasificar materiales con precisi\u00f3n. Ya sea madera, piedras o chatarra, con su control hidr\u00e1ulico, esta pinza garantiza la m\u00e1xima eficiencia y flexibilidad en una amplia gama de proyectos.   Control hidr\u00e1ulico preciso: Permite el agarre seguro y controlado de objetos pesados y de forma irregular.  Construcci\u00f3n robusta: Fabricada en acero de alta resistencia para soportar incluso el uso intensivo.  Vers\u00e1til: Perfecta para reciclaje, trabajos forestales (o silvicultura), proyectos de demolici\u00f3n y manipulaci\u00f3n de materiales.","og_url":"https:\/\/rippaiberica.com\/?product=r18-hydraulic-gripper","og_site_name":"Rippa Iberica - Espa\u00f1a y Portugal","article_modified_time":"2025-11-30T09:44:44+00:00","og_image":[{"width":600,"height":600,"url":"https:\/\/rippaiberica.com\/wp-content\/uploads\/2025\/11\/Mechanical-gripper.webp","type":"image\/webp"}],"twitter_card":"summary_large_image","schema":{"@context":"https:\/\/schema.org","@graph":[{"@type":"WebPage","@id":"https:\/\/rippaiberica.com\/?product=r18-hydraulic-gripper","url":"https:\/\/rippaiberica.com\/?product=r18-hydraulic-gripper","name":"R18- Hydraulic gripper - Rippa Iberica - Espa\u00f1a y Portugal","isPartOf":{"@id":"https:\/\/rippaiberica.com\/#website"},"primaryImageOfPage":{"@id":"https:\/\/rippaiberica.com\/?product=r18-hydraulic-gripper#primaryimage"},"image":{"@id":"https:\/\/rippaiberica.com\/?product=r18-hydraulic-gripper#primaryimage"},"thumbnailUrl":"https:\/\/rippaiberica.com\/wp-content\/uploads\/2025\/11\/Mechanical-gripper.webp","datePublished":"2025-11-17T20:31:44+00:00","dateModified":"2025-11-30T09:44:44+00:00","breadcrumb":{"@id":"https:\/\/rippaiberica.com\/?product=r18-hydraulic-gripper#breadcrumb"},"inLanguage":"es","potentialAction":[{"@type":"ReadAction","target":["https:\/\/rippaiberica.com\/?product=r18-hydraulic-gripper"]}]},{"@type":"ImageObject","inLanguage":"es","@id":"https:\/\/rippaiberica.com\/?product=r18-hydraulic-gripper#primaryimage","url":"https:\/\/rippaiberica.com\/wp-content\/uploads\/2025\/11\/Mechanical-gripper.webp","contentUrl":"https:\/\/rippaiberica.com\/wp-content\/uploads\/2025\/11\/Mechanical-gripper.webp","width":600,"height":600},{"@type":"BreadcrumbList","@id":"https:\/\/rippaiberica.com\/?product=r18-hydraulic-gripper#breadcrumb","itemListElement":[{"@type":"ListItem","position":1,"name":"Inicio","item":"https:\/\/rippaiberica.com\/"},{"@type":"ListItem","position":2,"name":"Shop","item":"https:\/\/rippaiberica.com\/?page_id=1708"},{"@type":"ListItem","position":3,"name":"R18- Hydraulic gripper"}]},{"@type":"WebSite","@id":"https:\/\/rippaiberica.com\/#website","url":"https:\/\/rippaiberica.com\/","name":"Rippa Iberica - Espa\u00f1a y Portugal","description":"","publisher":{"@id":"https:\/\/rippaiberica.com\/#organization"},"potentialAction":[{"@type":"SearchAction","target":{"@type":"EntryPoint","urlTemplate":"https:\/\/rippaiberica.com\/?s={search_term_string}"},"query-input":{"@type":"PropertyValueSpecification","valueRequired":true,"valueName":"search_term_string"}}],"inLanguage":"es"},{"@type":"Organization","@id":"https:\/\/rippaiberica.com\/#organization","name":"Rippa Iberica - Espa\u00f1a y Portugal","url":"https:\/\/rippaiberica.com\/","logo":{"@type":"ImageObject","inLanguage":"es","@id":"https:\/\/rippaiberica.com\/#\/schema\/logo\/image\/","url":"https:\/\/rippaiberica.com\/wp-content\/uploads\/2025\/10\/logo-blanco.png","contentUrl":"https:\/\/rippaiberica.com\/wp-content\/uploads\/2025\/10\/logo-blanco.png","width":1920,"height":578,"caption":"Rippa Iberica - Espa\u00f1a y Portugal"},"image":{"@id":"https:\/\/rippaiberica.com\/#\/schema\/logo\/image\/"}}]}},"jetpack_sharing_enabled":true,"_links":{"self":[{"href":"https:\/\/rippaiberica.com\/index.php?rest_route=\/wp\/v2\/product\/2051","targetHints":{"allow":["GET"]}}],"collection":[{"href":"https:\/\/rippaiberica.com\/index.php?rest_route=\/wp\/v2\/product"}],"about":[{"href":"https:\/\/rippaiberica.com\/index.php?rest_route=\/wp\/v2\/types\/product"}],"wp:featuredmedia":[{"embeddable":true,"href":"https:\/\/rippaiberica.com\/index.php?rest_route=\/wp\/v2\/media\/1996"}],"wp:attachment":[{"href":"https:\/\/rippaiberica.com\/index.php?rest_route=%2Fwp%2Fv2%2Fmedia&parent=2051"}],"wp:term":[{"taxonomy":"product_brand","embeddable":true,"href":"https:\/\/rippaiberica.com\/index.php?rest_route=%2Fwp%2Fv2%2Fproduct_brand&post=2051"},{"taxonomy":"product_cat","embeddable":true,"href":"https:\/\/rippaiberica.com\/index.php?rest_route=%2Fwp%2Fv2%2Fproduct_cat&post=2051"},{"taxonomy":"product_tag","embeddable":true,"href":"https:\/\/rippaiberica.com\/index.php?rest_route=%2Fwp%2Fv2%2Fproduct_tag&post=2051"}],"curies":[{"name":"wp","href":"https:\/\/api.w.org\/{rel}","templated":true}]}}