{"id":203,"date":"2024-09-09T07:10:22","date_gmt":"2024-09-09T07:10:22","guid":{"rendered":"https:\/\/themes.webswaala.com\/CMS\/WW88\/?post_type=product&#038;p=203"},"modified":"2025-11-30T09:13:01","modified_gmt":"2025-11-30T09:13:01","slug":"hydraulic-pump-2","status":"publish","type":"product","link":"https:\/\/rippaiberica.com\/?product=hydraulic-pump-2","title":{"rendered":"R15 ECO"},"content":{"rendered":"<p>R15 ECO \u2013 Especificaciones<\/p>\n<p>Par\u00e1metros B\u00e1sicos UE | EE. UU.<br \/>\nPeso operativo 1500 kg | 3307 lb<br \/>\nCapacidad del cuchar\u00f3n 0.018 m3 | 0.64 ft3<br \/>\nVelocidad de desplazamiento 0\u20132.5 km\/h | 0\u20131.55 mph<br \/>\nCapacidad de pendiente (Trepabilidad) 30 %\u00a0 | 30 %<br \/>\nPresi\u00f3n sobre el suelo 30 kPa | 4.35 psi<br \/>\nFuerza m\u00e1x. de excavaci\u00f3n 15.0 kN | 15.0 kN<br \/>\nRadio m\u00e1x. de excavaci\u00f3n 3900 mm | 153.5 in<br \/>\nProfundidad m\u00e1x. de excavaci\u00f3n 2300 mm | 90.6 in<br \/>\nAltura m\u00e1x. de excavaci\u00f3n 3400 mm | 133.9 in<br \/>\nAltura m\u00e1x. de descarga 2400 mm | 94.5 in<br \/>\n\u00c1ngulo m\u00e1x. de giro 120\u2218 | 120\u2218<br \/>\nOruga (Ancho\u00d7Paso\u00d7Eslabones) 230 mm\u00d796 mm\u00d740 | 9.06 in\u00d73.78 in\u00d740<\/p>\n","protected":false},"excerpt":{"rendered":"<h2>R15 ECO<\/h2>\n<h4>La R15 ECO es una robusta miniexcavadora con un peso operativo de 1500\u00a0kg, ideal para proyectos exigentes de construcci\u00f3n y paisajismo. Con una profundidad de excavaci\u00f3n de 1.84 metros y un econ\u00f3mico motor di\u00e9sel Kubota, ofrece eficiencia y potencia. Perfecta para trabajos precisos y vers\u00e1tiles en la obra.<\/h4>\n","protected":false},"featured_media":1777,"template":"","meta":{"_seopress_robots_primary_cat":"none","_seopress_titles_title":"","_seopress_titles_desc":"","_seopress_robots_index":"","_kad_post_transparent":"default","_kad_post_title":"","_kad_post_layout":"default","_kad_post_sidebar_id":"","_kad_post_content_style":"default","_kad_post_vertical_padding":"default","_kad_post_feature":"","_kad_post_feature_position":"","_kad_post_header":false,"_kad_post_footer":false},"product_brand":[],"product_cat":[18],"product_tag":[],"class_list":{"0":"post-203","1":"product","2":"type-product","3":"status-publish","4":"has-post-thumbnail","6":"product_cat-excavadoras","8":"first","9":"instock","10":"shipping-taxable","11":"purchasable","12":"product-type-simple","13":"entry","14":"content-bg","15":"loop-entry"},"yoast_head":"<!-- This site is optimized with the Yoast SEO plugin v26.5 - https:\/\/yoast.com\/wordpress\/plugins\/seo\/ -->\n<title>R15 ECO - Rippa Iberica - Espa\u00f1a y Portugal<\/title>\n<meta name=\"robots\" content=\"index, follow, max-snippet:-1, max-image-preview:large, max-video-preview:-1\" \/>\n<link rel=\"canonical\" href=\"https:\/\/rippaiberica.com\/?product=hydraulic-pump-2\" \/>\n<meta property=\"og:locale\" content=\"es_ES\" \/>\n<meta property=\"og:type\" content=\"article\" \/>\n<meta property=\"og:title\" content=\"R15 ECO - Rippa Iberica - Espa\u00f1a y Portugal\" \/>\n<meta property=\"og:description\" content=\"R15 ECO La R15 ECO es una robusta miniexcavadora con un peso operativo de 1500\u00a0kg, ideal para proyectos exigentes de construcci\u00f3n y paisajismo. Con una profundidad de excavaci\u00f3n de 1.84 metros y un econ\u00f3mico motor di\u00e9sel Kubota, ofrece eficiencia y potencia. Perfecta para trabajos precisos y vers\u00e1tiles en la obra.\" \/>\n<meta property=\"og:url\" content=\"https:\/\/rippaiberica.com\/?product=hydraulic-pump-2\" \/>\n<meta property=\"og:site_name\" content=\"Rippa Iberica - Espa\u00f1a y Portugal\" \/>\n<meta property=\"article:modified_time\" content=\"2025-11-30T09:13:01+00:00\" \/>\n<meta property=\"og:image\" content=\"https:\/\/rippaiberica.com\/wp-content\/uploads\/2024\/09\/75504_11.webp\" \/>\n\t<meta property=\"og:image:width\" content=\"1100\" \/>\n\t<meta property=\"og:image:height\" content=\"1100\" \/>\n\t<meta property=\"og:image:type\" content=\"image\/webp\" \/>\n<meta name=\"twitter:card\" content=\"summary_large_image\" \/>\n<script type=\"application\/ld+json\" class=\"yoast-schema-graph\">{\"@context\":\"https:\/\/schema.org\",\"@graph\":[{\"@type\":\"WebPage\",\"@id\":\"https:\/\/rippaiberica.com\/?product=hydraulic-pump-2\",\"url\":\"https:\/\/rippaiberica.com\/?product=hydraulic-pump-2\",\"name\":\"R15 ECO - Rippa Iberica - Espa\u00f1a y Portugal\",\"isPartOf\":{\"@id\":\"https:\/\/rippaiberica.com\/#website\"},\"primaryImageOfPage\":{\"@id\":\"https:\/\/rippaiberica.com\/?product=hydraulic-pump-2#primaryimage\"},\"image\":{\"@id\":\"https:\/\/rippaiberica.com\/?product=hydraulic-pump-2#primaryimage\"},\"thumbnailUrl\":\"https:\/\/rippaiberica.com\/wp-content\/uploads\/2024\/09\/75504_11.webp\",\"datePublished\":\"2024-09-09T07:10:22+00:00\",\"dateModified\":\"2025-11-30T09:13:01+00:00\",\"breadcrumb\":{\"@id\":\"https:\/\/rippaiberica.com\/?product=hydraulic-pump-2#breadcrumb\"},\"inLanguage\":\"es\",\"potentialAction\":[{\"@type\":\"ReadAction\",\"target\":[\"https:\/\/rippaiberica.com\/?product=hydraulic-pump-2\"]}]},{\"@type\":\"ImageObject\",\"inLanguage\":\"es\",\"@id\":\"https:\/\/rippaiberica.com\/?product=hydraulic-pump-2#primaryimage\",\"url\":\"https:\/\/rippaiberica.com\/wp-content\/uploads\/2024\/09\/75504_11.webp\",\"contentUrl\":\"https:\/\/rippaiberica.com\/wp-content\/uploads\/2024\/09\/75504_11.webp\",\"width\":1100,\"height\":1100},{\"@type\":\"BreadcrumbList\",\"@id\":\"https:\/\/rippaiberica.com\/?product=hydraulic-pump-2#breadcrumb\",\"itemListElement\":[{\"@type\":\"ListItem\",\"position\":1,\"name\":\"Inicio\",\"item\":\"https:\/\/rippaiberica.com\/\"},{\"@type\":\"ListItem\",\"position\":2,\"name\":\"Shop\",\"item\":\"https:\/\/rippaiberica.com\/?page_id=1708\"},{\"@type\":\"ListItem\",\"position\":3,\"name\":\"R15 ECO\"}]},{\"@type\":\"WebSite\",\"@id\":\"https:\/\/rippaiberica.com\/#website\",\"url\":\"https:\/\/rippaiberica.com\/\",\"name\":\"Rippa Iberica - Espa\u00f1a y Portugal\",\"description\":\"\",\"publisher\":{\"@id\":\"https:\/\/rippaiberica.com\/#organization\"},\"potentialAction\":[{\"@type\":\"SearchAction\",\"target\":{\"@type\":\"EntryPoint\",\"urlTemplate\":\"https:\/\/rippaiberica.com\/?s={search_term_string}\"},\"query-input\":{\"@type\":\"PropertyValueSpecification\",\"valueRequired\":true,\"valueName\":\"search_term_string\"}}],\"inLanguage\":\"es\"},{\"@type\":\"Organization\",\"@id\":\"https:\/\/rippaiberica.com\/#organization\",\"name\":\"Rippa Iberica - Espa\u00f1a y Portugal\",\"url\":\"https:\/\/rippaiberica.com\/\",\"logo\":{\"@type\":\"ImageObject\",\"inLanguage\":\"es\",\"@id\":\"https:\/\/rippaiberica.com\/#\/schema\/logo\/image\/\",\"url\":\"https:\/\/rippaiberica.com\/wp-content\/uploads\/2025\/10\/logo-blanco.png\",\"contentUrl\":\"https:\/\/rippaiberica.com\/wp-content\/uploads\/2025\/10\/logo-blanco.png\",\"width\":1920,\"height\":578,\"caption\":\"Rippa Iberica - Espa\u00f1a y Portugal\"},\"image\":{\"@id\":\"https:\/\/rippaiberica.com\/#\/schema\/logo\/image\/\"}}]}<\/script>\n<!-- \/ Yoast SEO plugin. -->","yoast_head_json":{"title":"R15 ECO - Rippa Iberica - Espa\u00f1a y Portugal","robots":{"index":"index","follow":"follow","max-snippet":"max-snippet:-1","max-image-preview":"max-image-preview:large","max-video-preview":"max-video-preview:-1"},"canonical":"https:\/\/rippaiberica.com\/?product=hydraulic-pump-2","og_locale":"es_ES","og_type":"article","og_title":"R15 ECO - Rippa Iberica - Espa\u00f1a y Portugal","og_description":"R15 ECO La R15 ECO es una robusta miniexcavadora con un peso operativo de 1500\u00a0kg, ideal para proyectos exigentes de construcci\u00f3n y paisajismo. Con una profundidad de excavaci\u00f3n de 1.84 metros y un econ\u00f3mico motor di\u00e9sel Kubota, ofrece eficiencia y potencia. Perfecta para trabajos precisos y vers\u00e1tiles en la obra.","og_url":"https:\/\/rippaiberica.com\/?product=hydraulic-pump-2","og_site_name":"Rippa Iberica - Espa\u00f1a y Portugal","article_modified_time":"2025-11-30T09:13:01+00:00","og_image":[{"width":1100,"height":1100,"url":"https:\/\/rippaiberica.com\/wp-content\/uploads\/2024\/09\/75504_11.webp","type":"image\/webp"}],"twitter_card":"summary_large_image","schema":{"@context":"https:\/\/schema.org","@graph":[{"@type":"WebPage","@id":"https:\/\/rippaiberica.com\/?product=hydraulic-pump-2","url":"https:\/\/rippaiberica.com\/?product=hydraulic-pump-2","name":"R15 ECO - Rippa Iberica - Espa\u00f1a y Portugal","isPartOf":{"@id":"https:\/\/rippaiberica.com\/#website"},"primaryImageOfPage":{"@id":"https:\/\/rippaiberica.com\/?product=hydraulic-pump-2#primaryimage"},"image":{"@id":"https:\/\/rippaiberica.com\/?product=hydraulic-pump-2#primaryimage"},"thumbnailUrl":"https:\/\/rippaiberica.com\/wp-content\/uploads\/2024\/09\/75504_11.webp","datePublished":"2024-09-09T07:10:22+00:00","dateModified":"2025-11-30T09:13:01+00:00","breadcrumb":{"@id":"https:\/\/rippaiberica.com\/?product=hydraulic-pump-2#breadcrumb"},"inLanguage":"es","potentialAction":[{"@type":"ReadAction","target":["https:\/\/rippaiberica.com\/?product=hydraulic-pump-2"]}]},{"@type":"ImageObject","inLanguage":"es","@id":"https:\/\/rippaiberica.com\/?product=hydraulic-pump-2#primaryimage","url":"https:\/\/rippaiberica.com\/wp-content\/uploads\/2024\/09\/75504_11.webp","contentUrl":"https:\/\/rippaiberica.com\/wp-content\/uploads\/2024\/09\/75504_11.webp","width":1100,"height":1100},{"@type":"BreadcrumbList","@id":"https:\/\/rippaiberica.com\/?product=hydraulic-pump-2#breadcrumb","itemListElement":[{"@type":"ListItem","position":1,"name":"Inicio","item":"https:\/\/rippaiberica.com\/"},{"@type":"ListItem","position":2,"name":"Shop","item":"https:\/\/rippaiberica.com\/?page_id=1708"},{"@type":"ListItem","position":3,"name":"R15 ECO"}]},{"@type":"WebSite","@id":"https:\/\/rippaiberica.com\/#website","url":"https:\/\/rippaiberica.com\/","name":"Rippa Iberica - Espa\u00f1a y Portugal","description":"","publisher":{"@id":"https:\/\/rippaiberica.com\/#organization"},"potentialAction":[{"@type":"SearchAction","target":{"@type":"EntryPoint","urlTemplate":"https:\/\/rippaiberica.com\/?s={search_term_string}"},"query-input":{"@type":"PropertyValueSpecification","valueRequired":true,"valueName":"search_term_string"}}],"inLanguage":"es"},{"@type":"Organization","@id":"https:\/\/rippaiberica.com\/#organization","name":"Rippa Iberica - Espa\u00f1a y Portugal","url":"https:\/\/rippaiberica.com\/","logo":{"@type":"ImageObject","inLanguage":"es","@id":"https:\/\/rippaiberica.com\/#\/schema\/logo\/image\/","url":"https:\/\/rippaiberica.com\/wp-content\/uploads\/2025\/10\/logo-blanco.png","contentUrl":"https:\/\/rippaiberica.com\/wp-content\/uploads\/2025\/10\/logo-blanco.png","width":1920,"height":578,"caption":"Rippa Iberica - Espa\u00f1a y Portugal"},"image":{"@id":"https:\/\/rippaiberica.com\/#\/schema\/logo\/image\/"}}]}},"jetpack_sharing_enabled":true,"_links":{"self":[{"href":"https:\/\/rippaiberica.com\/index.php?rest_route=\/wp\/v2\/product\/203","targetHints":{"allow":["GET"]}}],"collection":[{"href":"https:\/\/rippaiberica.com\/index.php?rest_route=\/wp\/v2\/product"}],"about":[{"href":"https:\/\/rippaiberica.com\/index.php?rest_route=\/wp\/v2\/types\/product"}],"wp:featuredmedia":[{"embeddable":true,"href":"https:\/\/rippaiberica.com\/index.php?rest_route=\/wp\/v2\/media\/1777"}],"wp:attachment":[{"href":"https:\/\/rippaiberica.com\/index.php?rest_route=%2Fwp%2Fv2%2Fmedia&parent=203"}],"wp:term":[{"taxonomy":"product_brand","embeddable":true,"href":"https:\/\/rippaiberica.com\/index.php?rest_route=%2Fwp%2Fv2%2Fproduct_brand&post=203"},{"taxonomy":"product_cat","embeddable":true,"href":"https:\/\/rippaiberica.com\/index.php?rest_route=%2Fwp%2Fv2%2Fproduct_cat&post=203"},{"taxonomy":"product_tag","embeddable":true,"href":"https:\/\/rippaiberica.com\/index.php?rest_route=%2Fwp%2Fv2%2Fproduct_tag&post=203"}],"curies":[{"name":"wp","href":"https:\/\/api.w.org\/{rel}","templated":true}]}}