{"id":199,"date":"2024-09-09T07:02:28","date_gmt":"2024-09-09T07:02:28","guid":{"rendered":"https:\/\/themes.webswaala.com\/CMS\/WW88\/?post_type=product&#038;p=199"},"modified":"2025-11-30T09:09:08","modified_gmt":"2025-11-30T09:09:08","slug":"swing-cylinder","status":"publish","type":"product","link":"https:\/\/rippaiberica.com\/?product=swing-cylinder","title":{"rendered":"R32 PRO"},"content":{"rendered":"","protected":false},"excerpt":{"rendered":"<p>La R32 PRO es una excavadora de alto rendimiento con un peso operativo de 3375\u00a0kg, perfecta para grandes proyectos de construcci\u00f3n y operaciones de servicio pesado. Con una profundidad de excavaci\u00f3n de 2.83 metros y una impresionante fuerza de excavaci\u00f3n de 27\u00a0kN, garantiza la m\u00e1xima eficiencia y fiabilidad. La m\u00e1quina ideal para profesionales exigentes.<\/p>\n","protected":false},"featured_media":1811,"template":"","meta":{"_seopress_robots_primary_cat":"none","_seopress_titles_title":"","_seopress_titles_desc":"","_seopress_robots_index":"","_kad_post_transparent":"default","_kad_post_title":"","_kad_post_layout":"default","_kad_post_sidebar_id":"","_kad_post_content_style":"default","_kad_post_vertical_padding":"default","_kad_post_feature":"","_kad_post_feature_position":"","_kad_post_header":false,"_kad_post_footer":false},"product_brand":[],"product_cat":[18],"product_tag":[],"class_list":{"0":"post-199","1":"product","2":"type-product","3":"status-publish","4":"has-post-thumbnail","6":"product_cat-excavadoras","8":"first","9":"instock","10":"shipping-taxable","11":"purchasable","12":"product-type-simple","13":"entry","14":"content-bg","15":"loop-entry"},"yoast_head":"<!-- This site is optimized with the Yoast SEO plugin v26.5 - https:\/\/yoast.com\/wordpress\/plugins\/seo\/ -->\n<title>R32 PRO - Rippa Iberica - Espa\u00f1a y Portugal<\/title>\n<meta name=\"robots\" content=\"index, follow, max-snippet:-1, max-image-preview:large, max-video-preview:-1\" \/>\n<link rel=\"canonical\" href=\"https:\/\/rippaiberica.com\/?product=swing-cylinder\" \/>\n<meta property=\"og:locale\" content=\"es_ES\" \/>\n<meta property=\"og:type\" content=\"article\" \/>\n<meta property=\"og:title\" content=\"R32 PRO - Rippa Iberica - Espa\u00f1a y Portugal\" \/>\n<meta property=\"og:description\" content=\"La R32 PRO es una excavadora de alto rendimiento con un peso operativo de 3375\u00a0kg, perfecta para grandes proyectos de construcci\u00f3n y operaciones de servicio pesado. Con una profundidad de excavaci\u00f3n de 2.83 metros y una impresionante fuerza de excavaci\u00f3n de 27\u00a0kN, garantiza la m\u00e1xima eficiencia y fiabilidad. La m\u00e1quina ideal para profesionales exigentes.\" \/>\n<meta property=\"og:url\" content=\"https:\/\/rippaiberica.com\/?product=swing-cylinder\" \/>\n<meta property=\"og:site_name\" content=\"Rippa Iberica - Espa\u00f1a y Portugal\" \/>\n<meta property=\"article:modified_time\" content=\"2025-11-30T09:09:08+00:00\" \/>\n<meta property=\"og:image\" content=\"https:\/\/rippaiberica.com\/wp-content\/uploads\/2024\/09\/06_fbcf429a-310c-4b76-99c5-554a6a5a60f9.webp\" \/>\n\t<meta property=\"og:image:width\" content=\"1100\" \/>\n\t<meta property=\"og:image:height\" content=\"1100\" \/>\n\t<meta property=\"og:image:type\" content=\"image\/webp\" \/>\n<meta name=\"twitter:card\" content=\"summary_large_image\" \/>\n<script type=\"application\/ld+json\" class=\"yoast-schema-graph\">{\"@context\":\"https:\/\/schema.org\",\"@graph\":[{\"@type\":\"WebPage\",\"@id\":\"https:\/\/rippaiberica.com\/?product=swing-cylinder\",\"url\":\"https:\/\/rippaiberica.com\/?product=swing-cylinder\",\"name\":\"R32 PRO - Rippa Iberica - Espa\u00f1a y Portugal\",\"isPartOf\":{\"@id\":\"https:\/\/rippaiberica.com\/#website\"},\"primaryImageOfPage\":{\"@id\":\"https:\/\/rippaiberica.com\/?product=swing-cylinder#primaryimage\"},\"image\":{\"@id\":\"https:\/\/rippaiberica.com\/?product=swing-cylinder#primaryimage\"},\"thumbnailUrl\":\"https:\/\/rippaiberica.com\/wp-content\/uploads\/2024\/09\/06_fbcf429a-310c-4b76-99c5-554a6a5a60f9.webp\",\"datePublished\":\"2024-09-09T07:02:28+00:00\",\"dateModified\":\"2025-11-30T09:09:08+00:00\",\"breadcrumb\":{\"@id\":\"https:\/\/rippaiberica.com\/?product=swing-cylinder#breadcrumb\"},\"inLanguage\":\"es\",\"potentialAction\":[{\"@type\":\"ReadAction\",\"target\":[\"https:\/\/rippaiberica.com\/?product=swing-cylinder\"]}]},{\"@type\":\"ImageObject\",\"inLanguage\":\"es\",\"@id\":\"https:\/\/rippaiberica.com\/?product=swing-cylinder#primaryimage\",\"url\":\"https:\/\/rippaiberica.com\/wp-content\/uploads\/2024\/09\/06_fbcf429a-310c-4b76-99c5-554a6a5a60f9.webp\",\"contentUrl\":\"https:\/\/rippaiberica.com\/wp-content\/uploads\/2024\/09\/06_fbcf429a-310c-4b76-99c5-554a6a5a60f9.webp\",\"width\":1100,\"height\":1100},{\"@type\":\"BreadcrumbList\",\"@id\":\"https:\/\/rippaiberica.com\/?product=swing-cylinder#breadcrumb\",\"itemListElement\":[{\"@type\":\"ListItem\",\"position\":1,\"name\":\"Inicio\",\"item\":\"https:\/\/rippaiberica.com\/\"},{\"@type\":\"ListItem\",\"position\":2,\"name\":\"Shop\",\"item\":\"https:\/\/rippaiberica.com\/?page_id=1708\"},{\"@type\":\"ListItem\",\"position\":3,\"name\":\"R32 PRO\"}]},{\"@type\":\"WebSite\",\"@id\":\"https:\/\/rippaiberica.com\/#website\",\"url\":\"https:\/\/rippaiberica.com\/\",\"name\":\"Rippa Iberica - Espa\u00f1a y Portugal\",\"description\":\"\",\"publisher\":{\"@id\":\"https:\/\/rippaiberica.com\/#organization\"},\"potentialAction\":[{\"@type\":\"SearchAction\",\"target\":{\"@type\":\"EntryPoint\",\"urlTemplate\":\"https:\/\/rippaiberica.com\/?s={search_term_string}\"},\"query-input\":{\"@type\":\"PropertyValueSpecification\",\"valueRequired\":true,\"valueName\":\"search_term_string\"}}],\"inLanguage\":\"es\"},{\"@type\":\"Organization\",\"@id\":\"https:\/\/rippaiberica.com\/#organization\",\"name\":\"Rippa Iberica - Espa\u00f1a y Portugal\",\"url\":\"https:\/\/rippaiberica.com\/\",\"logo\":{\"@type\":\"ImageObject\",\"inLanguage\":\"es\",\"@id\":\"https:\/\/rippaiberica.com\/#\/schema\/logo\/image\/\",\"url\":\"https:\/\/rippaiberica.com\/wp-content\/uploads\/2025\/10\/logo-blanco.png\",\"contentUrl\":\"https:\/\/rippaiberica.com\/wp-content\/uploads\/2025\/10\/logo-blanco.png\",\"width\":1920,\"height\":578,\"caption\":\"Rippa Iberica - Espa\u00f1a y Portugal\"},\"image\":{\"@id\":\"https:\/\/rippaiberica.com\/#\/schema\/logo\/image\/\"}}]}<\/script>\n<!-- \/ Yoast SEO plugin. -->","yoast_head_json":{"title":"R32 PRO - Rippa Iberica - Espa\u00f1a y Portugal","robots":{"index":"index","follow":"follow","max-snippet":"max-snippet:-1","max-image-preview":"max-image-preview:large","max-video-preview":"max-video-preview:-1"},"canonical":"https:\/\/rippaiberica.com\/?product=swing-cylinder","og_locale":"es_ES","og_type":"article","og_title":"R32 PRO - Rippa Iberica - Espa\u00f1a y Portugal","og_description":"La R32 PRO es una excavadora de alto rendimiento con un peso operativo de 3375\u00a0kg, perfecta para grandes proyectos de construcci\u00f3n y operaciones de servicio pesado. Con una profundidad de excavaci\u00f3n de 2.83 metros y una impresionante fuerza de excavaci\u00f3n de 27\u00a0kN, garantiza la m\u00e1xima eficiencia y fiabilidad. La m\u00e1quina ideal para profesionales exigentes.","og_url":"https:\/\/rippaiberica.com\/?product=swing-cylinder","og_site_name":"Rippa Iberica - Espa\u00f1a y Portugal","article_modified_time":"2025-11-30T09:09:08+00:00","og_image":[{"width":1100,"height":1100,"url":"https:\/\/rippaiberica.com\/wp-content\/uploads\/2024\/09\/06_fbcf429a-310c-4b76-99c5-554a6a5a60f9.webp","type":"image\/webp"}],"twitter_card":"summary_large_image","schema":{"@context":"https:\/\/schema.org","@graph":[{"@type":"WebPage","@id":"https:\/\/rippaiberica.com\/?product=swing-cylinder","url":"https:\/\/rippaiberica.com\/?product=swing-cylinder","name":"R32 PRO - Rippa Iberica - Espa\u00f1a y Portugal","isPartOf":{"@id":"https:\/\/rippaiberica.com\/#website"},"primaryImageOfPage":{"@id":"https:\/\/rippaiberica.com\/?product=swing-cylinder#primaryimage"},"image":{"@id":"https:\/\/rippaiberica.com\/?product=swing-cylinder#primaryimage"},"thumbnailUrl":"https:\/\/rippaiberica.com\/wp-content\/uploads\/2024\/09\/06_fbcf429a-310c-4b76-99c5-554a6a5a60f9.webp","datePublished":"2024-09-09T07:02:28+00:00","dateModified":"2025-11-30T09:09:08+00:00","breadcrumb":{"@id":"https:\/\/rippaiberica.com\/?product=swing-cylinder#breadcrumb"},"inLanguage":"es","potentialAction":[{"@type":"ReadAction","target":["https:\/\/rippaiberica.com\/?product=swing-cylinder"]}]},{"@type":"ImageObject","inLanguage":"es","@id":"https:\/\/rippaiberica.com\/?product=swing-cylinder#primaryimage","url":"https:\/\/rippaiberica.com\/wp-content\/uploads\/2024\/09\/06_fbcf429a-310c-4b76-99c5-554a6a5a60f9.webp","contentUrl":"https:\/\/rippaiberica.com\/wp-content\/uploads\/2024\/09\/06_fbcf429a-310c-4b76-99c5-554a6a5a60f9.webp","width":1100,"height":1100},{"@type":"BreadcrumbList","@id":"https:\/\/rippaiberica.com\/?product=swing-cylinder#breadcrumb","itemListElement":[{"@type":"ListItem","position":1,"name":"Inicio","item":"https:\/\/rippaiberica.com\/"},{"@type":"ListItem","position":2,"name":"Shop","item":"https:\/\/rippaiberica.com\/?page_id=1708"},{"@type":"ListItem","position":3,"name":"R32 PRO"}]},{"@type":"WebSite","@id":"https:\/\/rippaiberica.com\/#website","url":"https:\/\/rippaiberica.com\/","name":"Rippa Iberica - Espa\u00f1a y Portugal","description":"","publisher":{"@id":"https:\/\/rippaiberica.com\/#organization"},"potentialAction":[{"@type":"SearchAction","target":{"@type":"EntryPoint","urlTemplate":"https:\/\/rippaiberica.com\/?s={search_term_string}"},"query-input":{"@type":"PropertyValueSpecification","valueRequired":true,"valueName":"search_term_string"}}],"inLanguage":"es"},{"@type":"Organization","@id":"https:\/\/rippaiberica.com\/#organization","name":"Rippa Iberica - Espa\u00f1a y Portugal","url":"https:\/\/rippaiberica.com\/","logo":{"@type":"ImageObject","inLanguage":"es","@id":"https:\/\/rippaiberica.com\/#\/schema\/logo\/image\/","url":"https:\/\/rippaiberica.com\/wp-content\/uploads\/2025\/10\/logo-blanco.png","contentUrl":"https:\/\/rippaiberica.com\/wp-content\/uploads\/2025\/10\/logo-blanco.png","width":1920,"height":578,"caption":"Rippa Iberica - Espa\u00f1a y Portugal"},"image":{"@id":"https:\/\/rippaiberica.com\/#\/schema\/logo\/image\/"}}]}},"jetpack_sharing_enabled":true,"_links":{"self":[{"href":"https:\/\/rippaiberica.com\/index.php?rest_route=\/wp\/v2\/product\/199","targetHints":{"allow":["GET"]}}],"collection":[{"href":"https:\/\/rippaiberica.com\/index.php?rest_route=\/wp\/v2\/product"}],"about":[{"href":"https:\/\/rippaiberica.com\/index.php?rest_route=\/wp\/v2\/types\/product"}],"wp:featuredmedia":[{"embeddable":true,"href":"https:\/\/rippaiberica.com\/index.php?rest_route=\/wp\/v2\/media\/1811"}],"wp:attachment":[{"href":"https:\/\/rippaiberica.com\/index.php?rest_route=%2Fwp%2Fv2%2Fmedia&parent=199"}],"wp:term":[{"taxonomy":"product_brand","embeddable":true,"href":"https:\/\/rippaiberica.com\/index.php?rest_route=%2Fwp%2Fv2%2Fproduct_brand&post=199"},{"taxonomy":"product_cat","embeddable":true,"href":"https:\/\/rippaiberica.com\/index.php?rest_route=%2Fwp%2Fv2%2Fproduct_cat&post=199"},{"taxonomy":"product_tag","embeddable":true,"href":"https:\/\/rippaiberica.com\/index.php?rest_route=%2Fwp%2Fv2%2Fproduct_tag&post=199"}],"curies":[{"name":"wp","href":"https:\/\/api.w.org\/{rel}","templated":true}]}}