{"id":198,"date":"2024-09-09T06:59:09","date_gmt":"2024-09-09T06:59:09","guid":{"rendered":"https:\/\/themes.webswaala.com\/CMS\/WW88\/?post_type=product&#038;p=198"},"modified":"2025-11-30T09:06:15","modified_gmt":"2025-11-30T09:06:15","slug":"exhaust-muffler","status":"publish","type":"product","link":"https:\/\/rippaiberica.com\/?product=exhaust-muffler","title":{"rendered":"R10 ECO"},"content":{"rendered":"","protected":false},"excerpt":{"rendered":"<p>El <b>R10 ECO<\/b> es una miniexcavadora potente y vers\u00e1til, perfecta para la construcci\u00f3n, el paisajismo y proyectos particulares. Gracias a sus opciones de configuraci\u00f3n flexibles, se puede adaptar a tus necesidades espec\u00edficas.<\/p>\n<p><b>Cuatro mejoras a elegir sobre el modelo base:<\/b><\/p>\n<ul>\n<li><b>R10 ECO con motor Kubota<\/b> \u2013 Rendimiento fiable de Kubota para una m\u00e1xima durabilidad.<\/li>\n<li><b>R10 ECO con tren de rodaje ajustable<\/b> \u2013 Anchura de oruga ajustable y mayor flexibilidad.<\/li>\n<li><b>R10 ECO con control lateral mediante <i>joystick<\/i><\/b> \u2013 Manejo preciso para tareas exigentes.<\/li>\n<li><b>R10 ECO con brazo articulado<\/b> \u2013 Mayor rango de movimiento para \u00e1reas de dif\u00edcil acceso.<\/li>\n<\/ul>\n<p><b>Totalmente personalizable:<\/b><\/p>\n<p>Todos los modelos vienen de serie con un <b>cuchar\u00f3n dentado de 30 cm<\/b>. Sin mejoras, el R10 ECO incorpora de serie un <b>motor Yoop de 1 cilindro<\/b>, brazo r\u00edgido y control frontal. Tambi\u00e9n puedes elegir entre una variedad de <b>accesorios adicionales<\/b>, que incluyen cucharones, pinzas (o garras) y acoplamientos r\u00e1pidos.<\/p>\n","protected":false},"featured_media":1843,"template":"","meta":{"_seopress_robots_primary_cat":"none","_seopress_titles_title":"","_seopress_titles_desc":"","_seopress_robots_index":"","_kad_post_transparent":"default","_kad_post_title":"","_kad_post_layout":"default","_kad_post_sidebar_id":"","_kad_post_content_style":"default","_kad_post_vertical_padding":"default","_kad_post_feature":"","_kad_post_feature_position":"","_kad_post_header":false,"_kad_post_footer":false},"product_brand":[],"product_cat":[18],"product_tag":[],"class_list":{"0":"post-198","1":"product","2":"type-product","3":"status-publish","4":"has-post-thumbnail","6":"product_cat-excavadoras","8":"first","9":"onbackorder","10":"shipping-taxable","11":"purchasable","12":"product-type-simple","13":"entry","14":"content-bg","15":"loop-entry"},"yoast_head":"<!-- This site is optimized with the Yoast SEO plugin v26.5 - https:\/\/yoast.com\/wordpress\/plugins\/seo\/ -->\n<title>R10 ECO - Rippa Iberica - Espa\u00f1a y Portugal<\/title>\n<meta name=\"robots\" content=\"index, follow, max-snippet:-1, max-image-preview:large, max-video-preview:-1\" \/>\n<link rel=\"canonical\" href=\"https:\/\/rippaiberica.com\/?product=exhaust-muffler\" \/>\n<meta property=\"og:locale\" content=\"es_ES\" \/>\n<meta property=\"og:type\" content=\"article\" \/>\n<meta property=\"og:title\" content=\"R10 ECO - Rippa Iberica - Espa\u00f1a y Portugal\" \/>\n<meta property=\"og:description\" content=\"El R10 ECO es una miniexcavadora potente y vers\u00e1til, perfecta para la construcci\u00f3n, el paisajismo y proyectos particulares. Gracias a sus opciones de configuraci\u00f3n flexibles, se puede adaptar a tus necesidades espec\u00edficas.  Cuatro mejoras a elegir sobre el modelo base:   R10 ECO con motor Kubota \u2013 Rendimiento fiable de Kubota para una m\u00e1xima durabilidad.  R10 ECO con tren de rodaje ajustable \u2013 Anchura de oruga ajustable y mayor flexibilidad.  R10 ECO con control lateral mediante joystick \u2013 Manejo preciso para tareas exigentes.  R10 ECO con brazo articulado \u2013 Mayor rango de movimiento para \u00e1reas de dif\u00edcil acceso.  Totalmente personalizable:  Todos los modelos vienen de serie con un cuchar\u00f3n dentado de 30 cm. Sin mejoras, el R10 ECO incorpora de serie un motor Yoop de 1 cilindro, brazo r\u00edgido y control frontal. Tambi\u00e9n puedes elegir entre una variedad de accesorios adicionales, que incluyen cucharones, pinzas (o garras) y acoplamientos r\u00e1pidos.\" \/>\n<meta property=\"og:url\" content=\"https:\/\/rippaiberica.com\/?product=exhaust-muffler\" \/>\n<meta property=\"og:site_name\" content=\"Rippa Iberica - Espa\u00f1a y Portugal\" \/>\n<meta property=\"article:modified_time\" content=\"2025-11-30T09:06:15+00:00\" \/>\n<meta property=\"og:image\" content=\"https:\/\/rippaiberica.com\/wp-content\/uploads\/2024\/09\/07_5d22e93f-24f8-409a-a8f5-13de0e2edbc9.webp\" \/>\n\t<meta property=\"og:image:width\" content=\"1100\" \/>\n\t<meta property=\"og:image:height\" content=\"1100\" \/>\n\t<meta property=\"og:image:type\" content=\"image\/webp\" \/>\n<meta name=\"twitter:card\" content=\"summary_large_image\" \/>\n<script type=\"application\/ld+json\" class=\"yoast-schema-graph\">{\"@context\":\"https:\/\/schema.org\",\"@graph\":[{\"@type\":\"WebPage\",\"@id\":\"https:\/\/rippaiberica.com\/?product=exhaust-muffler\",\"url\":\"https:\/\/rippaiberica.com\/?product=exhaust-muffler\",\"name\":\"R10 ECO - Rippa Iberica - Espa\u00f1a y Portugal\",\"isPartOf\":{\"@id\":\"https:\/\/rippaiberica.com\/#website\"},\"primaryImageOfPage\":{\"@id\":\"https:\/\/rippaiberica.com\/?product=exhaust-muffler#primaryimage\"},\"image\":{\"@id\":\"https:\/\/rippaiberica.com\/?product=exhaust-muffler#primaryimage\"},\"thumbnailUrl\":\"https:\/\/rippaiberica.com\/wp-content\/uploads\/2024\/09\/07_5d22e93f-24f8-409a-a8f5-13de0e2edbc9.webp\",\"datePublished\":\"2024-09-09T06:59:09+00:00\",\"dateModified\":\"2025-11-30T09:06:15+00:00\",\"breadcrumb\":{\"@id\":\"https:\/\/rippaiberica.com\/?product=exhaust-muffler#breadcrumb\"},\"inLanguage\":\"es\",\"potentialAction\":[{\"@type\":\"ReadAction\",\"target\":[\"https:\/\/rippaiberica.com\/?product=exhaust-muffler\"]}]},{\"@type\":\"ImageObject\",\"inLanguage\":\"es\",\"@id\":\"https:\/\/rippaiberica.com\/?product=exhaust-muffler#primaryimage\",\"url\":\"https:\/\/rippaiberica.com\/wp-content\/uploads\/2024\/09\/07_5d22e93f-24f8-409a-a8f5-13de0e2edbc9.webp\",\"contentUrl\":\"https:\/\/rippaiberica.com\/wp-content\/uploads\/2024\/09\/07_5d22e93f-24f8-409a-a8f5-13de0e2edbc9.webp\",\"width\":1100,\"height\":1100},{\"@type\":\"BreadcrumbList\",\"@id\":\"https:\/\/rippaiberica.com\/?product=exhaust-muffler#breadcrumb\",\"itemListElement\":[{\"@type\":\"ListItem\",\"position\":1,\"name\":\"Inicio\",\"item\":\"https:\/\/rippaiberica.com\/\"},{\"@type\":\"ListItem\",\"position\":2,\"name\":\"Shop\",\"item\":\"https:\/\/rippaiberica.com\/?page_id=1708\"},{\"@type\":\"ListItem\",\"position\":3,\"name\":\"R10 ECO\"}]},{\"@type\":\"WebSite\",\"@id\":\"https:\/\/rippaiberica.com\/#website\",\"url\":\"https:\/\/rippaiberica.com\/\",\"name\":\"Rippa Iberica - Espa\u00f1a y Portugal\",\"description\":\"\",\"publisher\":{\"@id\":\"https:\/\/rippaiberica.com\/#organization\"},\"potentialAction\":[{\"@type\":\"SearchAction\",\"target\":{\"@type\":\"EntryPoint\",\"urlTemplate\":\"https:\/\/rippaiberica.com\/?s={search_term_string}\"},\"query-input\":{\"@type\":\"PropertyValueSpecification\",\"valueRequired\":true,\"valueName\":\"search_term_string\"}}],\"inLanguage\":\"es\"},{\"@type\":\"Organization\",\"@id\":\"https:\/\/rippaiberica.com\/#organization\",\"name\":\"Rippa Iberica - Espa\u00f1a y Portugal\",\"url\":\"https:\/\/rippaiberica.com\/\",\"logo\":{\"@type\":\"ImageObject\",\"inLanguage\":\"es\",\"@id\":\"https:\/\/rippaiberica.com\/#\/schema\/logo\/image\/\",\"url\":\"https:\/\/rippaiberica.com\/wp-content\/uploads\/2025\/10\/logo-blanco.png\",\"contentUrl\":\"https:\/\/rippaiberica.com\/wp-content\/uploads\/2025\/10\/logo-blanco.png\",\"width\":1920,\"height\":578,\"caption\":\"Rippa Iberica - Espa\u00f1a y Portugal\"},\"image\":{\"@id\":\"https:\/\/rippaiberica.com\/#\/schema\/logo\/image\/\"}}]}<\/script>\n<!-- \/ Yoast SEO plugin. -->","yoast_head_json":{"title":"R10 ECO - Rippa Iberica - Espa\u00f1a y Portugal","robots":{"index":"index","follow":"follow","max-snippet":"max-snippet:-1","max-image-preview":"max-image-preview:large","max-video-preview":"max-video-preview:-1"},"canonical":"https:\/\/rippaiberica.com\/?product=exhaust-muffler","og_locale":"es_ES","og_type":"article","og_title":"R10 ECO - Rippa Iberica - Espa\u00f1a y Portugal","og_description":"El R10 ECO es una miniexcavadora potente y vers\u00e1til, perfecta para la construcci\u00f3n, el paisajismo y proyectos particulares. Gracias a sus opciones de configuraci\u00f3n flexibles, se puede adaptar a tus necesidades espec\u00edficas.  Cuatro mejoras a elegir sobre el modelo base:   R10 ECO con motor Kubota \u2013 Rendimiento fiable de Kubota para una m\u00e1xima durabilidad.  R10 ECO con tren de rodaje ajustable \u2013 Anchura de oruga ajustable y mayor flexibilidad.  R10 ECO con control lateral mediante joystick \u2013 Manejo preciso para tareas exigentes.  R10 ECO con brazo articulado \u2013 Mayor rango de movimiento para \u00e1reas de dif\u00edcil acceso.  Totalmente personalizable:  Todos los modelos vienen de serie con un cuchar\u00f3n dentado de 30 cm. Sin mejoras, el R10 ECO incorpora de serie un motor Yoop de 1 cilindro, brazo r\u00edgido y control frontal. Tambi\u00e9n puedes elegir entre una variedad de accesorios adicionales, que incluyen cucharones, pinzas (o garras) y acoplamientos r\u00e1pidos.","og_url":"https:\/\/rippaiberica.com\/?product=exhaust-muffler","og_site_name":"Rippa Iberica - Espa\u00f1a y Portugal","article_modified_time":"2025-11-30T09:06:15+00:00","og_image":[{"width":1100,"height":1100,"url":"https:\/\/rippaiberica.com\/wp-content\/uploads\/2024\/09\/07_5d22e93f-24f8-409a-a8f5-13de0e2edbc9.webp","type":"image\/webp"}],"twitter_card":"summary_large_image","schema":{"@context":"https:\/\/schema.org","@graph":[{"@type":"WebPage","@id":"https:\/\/rippaiberica.com\/?product=exhaust-muffler","url":"https:\/\/rippaiberica.com\/?product=exhaust-muffler","name":"R10 ECO - Rippa Iberica - Espa\u00f1a y Portugal","isPartOf":{"@id":"https:\/\/rippaiberica.com\/#website"},"primaryImageOfPage":{"@id":"https:\/\/rippaiberica.com\/?product=exhaust-muffler#primaryimage"},"image":{"@id":"https:\/\/rippaiberica.com\/?product=exhaust-muffler#primaryimage"},"thumbnailUrl":"https:\/\/rippaiberica.com\/wp-content\/uploads\/2024\/09\/07_5d22e93f-24f8-409a-a8f5-13de0e2edbc9.webp","datePublished":"2024-09-09T06:59:09+00:00","dateModified":"2025-11-30T09:06:15+00:00","breadcrumb":{"@id":"https:\/\/rippaiberica.com\/?product=exhaust-muffler#breadcrumb"},"inLanguage":"es","potentialAction":[{"@type":"ReadAction","target":["https:\/\/rippaiberica.com\/?product=exhaust-muffler"]}]},{"@type":"ImageObject","inLanguage":"es","@id":"https:\/\/rippaiberica.com\/?product=exhaust-muffler#primaryimage","url":"https:\/\/rippaiberica.com\/wp-content\/uploads\/2024\/09\/07_5d22e93f-24f8-409a-a8f5-13de0e2edbc9.webp","contentUrl":"https:\/\/rippaiberica.com\/wp-content\/uploads\/2024\/09\/07_5d22e93f-24f8-409a-a8f5-13de0e2edbc9.webp","width":1100,"height":1100},{"@type":"BreadcrumbList","@id":"https:\/\/rippaiberica.com\/?product=exhaust-muffler#breadcrumb","itemListElement":[{"@type":"ListItem","position":1,"name":"Inicio","item":"https:\/\/rippaiberica.com\/"},{"@type":"ListItem","position":2,"name":"Shop","item":"https:\/\/rippaiberica.com\/?page_id=1708"},{"@type":"ListItem","position":3,"name":"R10 ECO"}]},{"@type":"WebSite","@id":"https:\/\/rippaiberica.com\/#website","url":"https:\/\/rippaiberica.com\/","name":"Rippa Iberica - Espa\u00f1a y Portugal","description":"","publisher":{"@id":"https:\/\/rippaiberica.com\/#organization"},"potentialAction":[{"@type":"SearchAction","target":{"@type":"EntryPoint","urlTemplate":"https:\/\/rippaiberica.com\/?s={search_term_string}"},"query-input":{"@type":"PropertyValueSpecification","valueRequired":true,"valueName":"search_term_string"}}],"inLanguage":"es"},{"@type":"Organization","@id":"https:\/\/rippaiberica.com\/#organization","name":"Rippa Iberica - Espa\u00f1a y Portugal","url":"https:\/\/rippaiberica.com\/","logo":{"@type":"ImageObject","inLanguage":"es","@id":"https:\/\/rippaiberica.com\/#\/schema\/logo\/image\/","url":"https:\/\/rippaiberica.com\/wp-content\/uploads\/2025\/10\/logo-blanco.png","contentUrl":"https:\/\/rippaiberica.com\/wp-content\/uploads\/2025\/10\/logo-blanco.png","width":1920,"height":578,"caption":"Rippa Iberica - Espa\u00f1a y Portugal"},"image":{"@id":"https:\/\/rippaiberica.com\/#\/schema\/logo\/image\/"}}]}},"jetpack_sharing_enabled":true,"_links":{"self":[{"href":"https:\/\/rippaiberica.com\/index.php?rest_route=\/wp\/v2\/product\/198","targetHints":{"allow":["GET"]}}],"collection":[{"href":"https:\/\/rippaiberica.com\/index.php?rest_route=\/wp\/v2\/product"}],"about":[{"href":"https:\/\/rippaiberica.com\/index.php?rest_route=\/wp\/v2\/types\/product"}],"wp:featuredmedia":[{"embeddable":true,"href":"https:\/\/rippaiberica.com\/index.php?rest_route=\/wp\/v2\/media\/1843"}],"wp:attachment":[{"href":"https:\/\/rippaiberica.com\/index.php?rest_route=%2Fwp%2Fv2%2Fmedia&parent=198"}],"wp:term":[{"taxonomy":"product_brand","embeddable":true,"href":"https:\/\/rippaiberica.com\/index.php?rest_route=%2Fwp%2Fv2%2Fproduct_brand&post=198"},{"taxonomy":"product_cat","embeddable":true,"href":"https:\/\/rippaiberica.com\/index.php?rest_route=%2Fwp%2Fv2%2Fproduct_cat&post=198"},{"taxonomy":"product_tag","embeddable":true,"href":"https:\/\/rippaiberica.com\/index.php?rest_route=%2Fwp%2Fv2%2Fproduct_tag&post=198"}],"curies":[{"name":"wp","href":"https:\/\/api.w.org\/{rel}","templated":true}]}}