{"id":1974,"date":"2025-11-16T21:23:43","date_gmt":"2025-11-16T21:23:43","guid":{"rendered":"https:\/\/rippaiberica.com\/?post_type=product&#038;p=1974"},"modified":"2025-11-30T09:40:56","modified_gmt":"2025-11-30T09:40:56","slug":"r15-earth-drill","status":"publish","type":"product","link":"https:\/\/rippaiberica.com\/?product=r15-earth-drill","title":{"rendered":"R15 earth drill"},"content":{"rendered":"","protected":false},"excerpt":{"rendered":"<p>Esta barrena est\u00e1 dise\u00f1ada espec\u00edficamente para el modelo R15 y ofrece un tama\u00f1o compacto de <b>800 mm de longitud<\/b> y <b>20 mm de di\u00e1metro<\/b>. Ideal para proyectos de perforaci\u00f3n m\u00e1s peque\u00f1os en suelos blandos a medio duros, esta barrena permite una perforaci\u00f3n precisa y eficiente. Es perfecta para postes de vallas, plantaciones y trabajos ligeros de cimentaci\u00f3n.<\/p>\n","protected":false},"featured_media":1971,"template":"","meta":{"_seopress_robots_primary_cat":"none","_seopress_titles_title":"","_seopress_titles_desc":"","_seopress_robots_index":"","_kad_post_transparent":"default","_kad_post_title":"","_kad_post_layout":"default","_kad_post_sidebar_id":"","_kad_post_content_style":"default","_kad_post_vertical_padding":"default","_kad_post_feature":"","_kad_post_feature_position":"","_kad_post_header":false,"_kad_post_footer":false},"product_brand":[],"product_cat":[21],"product_tag":[],"class_list":{"0":"post-1974","1":"product","2":"type-product","3":"status-publish","4":"has-post-thumbnail","6":"product_cat-r15-eco","8":"first","9":"instock","10":"shipping-taxable","11":"purchasable","12":"product-type-simple","13":"entry","14":"content-bg","15":"loop-entry"},"yoast_head":"<!-- This site is optimized with the Yoast SEO plugin v26.5 - https:\/\/yoast.com\/wordpress\/plugins\/seo\/ -->\n<title>R15 earth drill - Rippa Iberica - Espa\u00f1a y Portugal<\/title>\n<meta name=\"robots\" content=\"index, follow, max-snippet:-1, max-image-preview:large, max-video-preview:-1\" \/>\n<link rel=\"canonical\" href=\"https:\/\/rippaiberica.com\/?product=r15-earth-drill\" \/>\n<meta property=\"og:locale\" content=\"es_ES\" \/>\n<meta property=\"og:type\" content=\"article\" \/>\n<meta property=\"og:title\" content=\"R15 earth drill - Rippa Iberica - Espa\u00f1a y Portugal\" \/>\n<meta property=\"og:description\" content=\"Esta barrena est\u00e1 dise\u00f1ada espec\u00edficamente para el modelo R15 y ofrece un tama\u00f1o compacto de 800 mm de longitud y 20 mm de di\u00e1metro. Ideal para proyectos de perforaci\u00f3n m\u00e1s peque\u00f1os en suelos blandos a medio duros, esta barrena permite una perforaci\u00f3n precisa y eficiente. Es perfecta para postes de vallas, plantaciones y trabajos ligeros de cimentaci\u00f3n.\" \/>\n<meta property=\"og:url\" content=\"https:\/\/rippaiberica.com\/?product=r15-earth-drill\" \/>\n<meta property=\"og:site_name\" content=\"Rippa Iberica - Espa\u00f1a y Portugal\" \/>\n<meta property=\"article:modified_time\" content=\"2025-11-30T09:40:56+00:00\" \/>\n<meta property=\"og:image\" content=\"https:\/\/rippaiberica.com\/wp-content\/uploads\/2025\/11\/earth-drill.webp\" \/>\n\t<meta property=\"og:image:width\" content=\"1280\" \/>\n\t<meta property=\"og:image:height\" content=\"1280\" \/>\n\t<meta property=\"og:image:type\" content=\"image\/webp\" \/>\n<meta name=\"twitter:card\" content=\"summary_large_image\" \/>\n<script type=\"application\/ld+json\" class=\"yoast-schema-graph\">{\"@context\":\"https:\/\/schema.org\",\"@graph\":[{\"@type\":\"WebPage\",\"@id\":\"https:\/\/rippaiberica.com\/?product=r15-earth-drill\",\"url\":\"https:\/\/rippaiberica.com\/?product=r15-earth-drill\",\"name\":\"R15 earth drill - Rippa Iberica - Espa\u00f1a y Portugal\",\"isPartOf\":{\"@id\":\"https:\/\/rippaiberica.com\/#website\"},\"primaryImageOfPage\":{\"@id\":\"https:\/\/rippaiberica.com\/?product=r15-earth-drill#primaryimage\"},\"image\":{\"@id\":\"https:\/\/rippaiberica.com\/?product=r15-earth-drill#primaryimage\"},\"thumbnailUrl\":\"https:\/\/rippaiberica.com\/wp-content\/uploads\/2025\/11\/earth-drill.webp\",\"datePublished\":\"2025-11-16T21:23:43+00:00\",\"dateModified\":\"2025-11-30T09:40:56+00:00\",\"breadcrumb\":{\"@id\":\"https:\/\/rippaiberica.com\/?product=r15-earth-drill#breadcrumb\"},\"inLanguage\":\"es\",\"potentialAction\":[{\"@type\":\"ReadAction\",\"target\":[\"https:\/\/rippaiberica.com\/?product=r15-earth-drill\"]}]},{\"@type\":\"ImageObject\",\"inLanguage\":\"es\",\"@id\":\"https:\/\/rippaiberica.com\/?product=r15-earth-drill#primaryimage\",\"url\":\"https:\/\/rippaiberica.com\/wp-content\/uploads\/2025\/11\/earth-drill.webp\",\"contentUrl\":\"https:\/\/rippaiberica.com\/wp-content\/uploads\/2025\/11\/earth-drill.webp\",\"width\":1280,\"height\":1280},{\"@type\":\"BreadcrumbList\",\"@id\":\"https:\/\/rippaiberica.com\/?product=r15-earth-drill#breadcrumb\",\"itemListElement\":[{\"@type\":\"ListItem\",\"position\":1,\"name\":\"Inicio\",\"item\":\"https:\/\/rippaiberica.com\/\"},{\"@type\":\"ListItem\",\"position\":2,\"name\":\"Shop\",\"item\":\"https:\/\/rippaiberica.com\/?page_id=1708\"},{\"@type\":\"ListItem\",\"position\":3,\"name\":\"R15 earth drill\"}]},{\"@type\":\"WebSite\",\"@id\":\"https:\/\/rippaiberica.com\/#website\",\"url\":\"https:\/\/rippaiberica.com\/\",\"name\":\"Rippa Iberica - Espa\u00f1a y Portugal\",\"description\":\"\",\"publisher\":{\"@id\":\"https:\/\/rippaiberica.com\/#organization\"},\"potentialAction\":[{\"@type\":\"SearchAction\",\"target\":{\"@type\":\"EntryPoint\",\"urlTemplate\":\"https:\/\/rippaiberica.com\/?s={search_term_string}\"},\"query-input\":{\"@type\":\"PropertyValueSpecification\",\"valueRequired\":true,\"valueName\":\"search_term_string\"}}],\"inLanguage\":\"es\"},{\"@type\":\"Organization\",\"@id\":\"https:\/\/rippaiberica.com\/#organization\",\"name\":\"Rippa Iberica - Espa\u00f1a y Portugal\",\"url\":\"https:\/\/rippaiberica.com\/\",\"logo\":{\"@type\":\"ImageObject\",\"inLanguage\":\"es\",\"@id\":\"https:\/\/rippaiberica.com\/#\/schema\/logo\/image\/\",\"url\":\"https:\/\/rippaiberica.com\/wp-content\/uploads\/2025\/10\/logo-blanco.png\",\"contentUrl\":\"https:\/\/rippaiberica.com\/wp-content\/uploads\/2025\/10\/logo-blanco.png\",\"width\":1920,\"height\":578,\"caption\":\"Rippa Iberica - Espa\u00f1a y Portugal\"},\"image\":{\"@id\":\"https:\/\/rippaiberica.com\/#\/schema\/logo\/image\/\"}}]}<\/script>\n<!-- \/ Yoast SEO plugin. -->","yoast_head_json":{"title":"R15 earth drill - Rippa Iberica - Espa\u00f1a y Portugal","robots":{"index":"index","follow":"follow","max-snippet":"max-snippet:-1","max-image-preview":"max-image-preview:large","max-video-preview":"max-video-preview:-1"},"canonical":"https:\/\/rippaiberica.com\/?product=r15-earth-drill","og_locale":"es_ES","og_type":"article","og_title":"R15 earth drill - Rippa Iberica - Espa\u00f1a y Portugal","og_description":"Esta barrena est\u00e1 dise\u00f1ada espec\u00edficamente para el modelo R15 y ofrece un tama\u00f1o compacto de 800 mm de longitud y 20 mm de di\u00e1metro. Ideal para proyectos de perforaci\u00f3n m\u00e1s peque\u00f1os en suelos blandos a medio duros, esta barrena permite una perforaci\u00f3n precisa y eficiente. Es perfecta para postes de vallas, plantaciones y trabajos ligeros de cimentaci\u00f3n.","og_url":"https:\/\/rippaiberica.com\/?product=r15-earth-drill","og_site_name":"Rippa Iberica - Espa\u00f1a y Portugal","article_modified_time":"2025-11-30T09:40:56+00:00","og_image":[{"width":1280,"height":1280,"url":"https:\/\/rippaiberica.com\/wp-content\/uploads\/2025\/11\/earth-drill.webp","type":"image\/webp"}],"twitter_card":"summary_large_image","schema":{"@context":"https:\/\/schema.org","@graph":[{"@type":"WebPage","@id":"https:\/\/rippaiberica.com\/?product=r15-earth-drill","url":"https:\/\/rippaiberica.com\/?product=r15-earth-drill","name":"R15 earth drill - Rippa Iberica - Espa\u00f1a y Portugal","isPartOf":{"@id":"https:\/\/rippaiberica.com\/#website"},"primaryImageOfPage":{"@id":"https:\/\/rippaiberica.com\/?product=r15-earth-drill#primaryimage"},"image":{"@id":"https:\/\/rippaiberica.com\/?product=r15-earth-drill#primaryimage"},"thumbnailUrl":"https:\/\/rippaiberica.com\/wp-content\/uploads\/2025\/11\/earth-drill.webp","datePublished":"2025-11-16T21:23:43+00:00","dateModified":"2025-11-30T09:40:56+00:00","breadcrumb":{"@id":"https:\/\/rippaiberica.com\/?product=r15-earth-drill#breadcrumb"},"inLanguage":"es","potentialAction":[{"@type":"ReadAction","target":["https:\/\/rippaiberica.com\/?product=r15-earth-drill"]}]},{"@type":"ImageObject","inLanguage":"es","@id":"https:\/\/rippaiberica.com\/?product=r15-earth-drill#primaryimage","url":"https:\/\/rippaiberica.com\/wp-content\/uploads\/2025\/11\/earth-drill.webp","contentUrl":"https:\/\/rippaiberica.com\/wp-content\/uploads\/2025\/11\/earth-drill.webp","width":1280,"height":1280},{"@type":"BreadcrumbList","@id":"https:\/\/rippaiberica.com\/?product=r15-earth-drill#breadcrumb","itemListElement":[{"@type":"ListItem","position":1,"name":"Inicio","item":"https:\/\/rippaiberica.com\/"},{"@type":"ListItem","position":2,"name":"Shop","item":"https:\/\/rippaiberica.com\/?page_id=1708"},{"@type":"ListItem","position":3,"name":"R15 earth drill"}]},{"@type":"WebSite","@id":"https:\/\/rippaiberica.com\/#website","url":"https:\/\/rippaiberica.com\/","name":"Rippa Iberica - Espa\u00f1a y Portugal","description":"","publisher":{"@id":"https:\/\/rippaiberica.com\/#organization"},"potentialAction":[{"@type":"SearchAction","target":{"@type":"EntryPoint","urlTemplate":"https:\/\/rippaiberica.com\/?s={search_term_string}"},"query-input":{"@type":"PropertyValueSpecification","valueRequired":true,"valueName":"search_term_string"}}],"inLanguage":"es"},{"@type":"Organization","@id":"https:\/\/rippaiberica.com\/#organization","name":"Rippa Iberica - Espa\u00f1a y Portugal","url":"https:\/\/rippaiberica.com\/","logo":{"@type":"ImageObject","inLanguage":"es","@id":"https:\/\/rippaiberica.com\/#\/schema\/logo\/image\/","url":"https:\/\/rippaiberica.com\/wp-content\/uploads\/2025\/10\/logo-blanco.png","contentUrl":"https:\/\/rippaiberica.com\/wp-content\/uploads\/2025\/10\/logo-blanco.png","width":1920,"height":578,"caption":"Rippa Iberica - Espa\u00f1a y Portugal"},"image":{"@id":"https:\/\/rippaiberica.com\/#\/schema\/logo\/image\/"}}]}},"jetpack_sharing_enabled":true,"_links":{"self":[{"href":"https:\/\/rippaiberica.com\/index.php?rest_route=\/wp\/v2\/product\/1974","targetHints":{"allow":["GET"]}}],"collection":[{"href":"https:\/\/rippaiberica.com\/index.php?rest_route=\/wp\/v2\/product"}],"about":[{"href":"https:\/\/rippaiberica.com\/index.php?rest_route=\/wp\/v2\/types\/product"}],"wp:featuredmedia":[{"embeddable":true,"href":"https:\/\/rippaiberica.com\/index.php?rest_route=\/wp\/v2\/media\/1971"}],"wp:attachment":[{"href":"https:\/\/rippaiberica.com\/index.php?rest_route=%2Fwp%2Fv2%2Fmedia&parent=1974"}],"wp:term":[{"taxonomy":"product_brand","embeddable":true,"href":"https:\/\/rippaiberica.com\/index.php?rest_route=%2Fwp%2Fv2%2Fproduct_brand&post=1974"},{"taxonomy":"product_cat","embeddable":true,"href":"https:\/\/rippaiberica.com\/index.php?rest_route=%2Fwp%2Fv2%2Fproduct_cat&post=1974"},{"taxonomy":"product_tag","embeddable":true,"href":"https:\/\/rippaiberica.com\/index.php?rest_route=%2Fwp%2Fv2%2Fproduct_tag&post=1974"}],"curies":[{"name":"wp","href":"https:\/\/api.w.org\/{rel}","templated":true}]}}