{"id":1883,"date":"2025-10-16T18:14:08","date_gmt":"2025-10-16T18:14:08","guid":{"rendered":"https:\/\/rippaiberica.com\/?post_type=product&#038;p=1883"},"modified":"2025-11-30T08:53:28","modified_gmt":"2025-11-30T08:53:28","slug":"r22-destroyer","status":"publish","type":"product","link":"https:\/\/rippaiberica.com\/?product=r22-destroyer","title":{"rendered":"R22 destroyer"},"content":{"rendered":"","protected":false},"excerpt":{"rendered":"<p>Martillo Hidr\u00e1ulico para Excavadoras \u2013 M\u00e1xima potencia de impacto para los materiales m\u00e1s duros.<\/p>\n<p>El martillo hidr\u00e1ulico es la herramienta ideal para su excavadora cuando se trata de potentes trabajos de demolici\u00f3n y rotura de materiales duros como el hormig\u00f3n, el asfalto o la roca. Con su construcci\u00f3n robusta y su potente sistema hidr\u00e1ulico, garantiza la m\u00e1xima eficiencia en proyectos exigentes.<\/p>\n<p>&nbsp;<\/p>\n<p>Caracter\u00edsticas destacadas:<\/p>\n<p>Potente: Dise\u00f1ado para una potencia de impacto extrema capaz de penetrar incluso los materiales m\u00e1s resistentes.<\/p>\n<p>Construcci\u00f3n de alta calidad: Estructura s\u00f3lida y componentes duraderos para una m\u00e1xima fiabilidad.<\/p>\n<p>Vers\u00e1til: Perfecto para proyectos de construcci\u00f3n, demolici\u00f3n y obras viales (o construcci\u00f3n de carreteras).<\/p>\n<p>El martillo hidr\u00e1ulico convierte su excavadora en una herramienta indispensable para el trabajo profesional de demolici\u00f3n. \u00a1Optimice sus procesos de trabajo con este potente accesorio!<\/p>\n","protected":false},"featured_media":1878,"template":"","meta":{"_seopress_robots_primary_cat":"none","_seopress_titles_title":"","_seopress_titles_desc":"","_seopress_robots_index":"","_kad_post_transparent":"default","_kad_post_title":"","_kad_post_layout":"default","_kad_post_sidebar_id":"","_kad_post_content_style":"default","_kad_post_vertical_padding":"default","_kad_post_feature":"","_kad_post_feature_position":"","_kad_post_header":false,"_kad_post_footer":false},"product_brand":[],"product_cat":[23],"product_tag":[],"class_list":{"0":"post-1883","1":"product","2":"type-product","3":"status-publish","4":"has-post-thumbnail","6":"product_cat-r22-pro","8":"first","9":"instock","10":"shipping-taxable","11":"purchasable","12":"product-type-simple","13":"entry","14":"content-bg","15":"loop-entry"},"yoast_head":"<!-- This site is optimized with the Yoast SEO plugin v26.5 - https:\/\/yoast.com\/wordpress\/plugins\/seo\/ -->\n<title>R22 destroyer - Rippa Iberica - Espa\u00f1a y Portugal<\/title>\n<meta name=\"robots\" content=\"index, follow, max-snippet:-1, max-image-preview:large, max-video-preview:-1\" \/>\n<link rel=\"canonical\" href=\"https:\/\/rippaiberica.com\/?product=r22-destroyer\" \/>\n<meta property=\"og:locale\" content=\"es_ES\" \/>\n<meta property=\"og:type\" content=\"article\" \/>\n<meta property=\"og:title\" content=\"R22 destroyer - Rippa Iberica - Espa\u00f1a y Portugal\" \/>\n<meta property=\"og:description\" content=\"Martillo Hidr\u00e1ulico para Excavadoras \u2013 M\u00e1xima potencia de impacto para los materiales m\u00e1s duros.  El martillo hidr\u00e1ulico es la herramienta ideal para su excavadora cuando se trata de potentes trabajos de demolici\u00f3n y rotura de materiales duros como el hormig\u00f3n, el asfalto o la roca. Con su construcci\u00f3n robusta y su potente sistema hidr\u00e1ulico, garantiza la m\u00e1xima eficiencia en proyectos exigentes.  &nbsp;  Caracter\u00edsticas destacadas:  Potente: Dise\u00f1ado para una potencia de impacto extrema capaz de penetrar incluso los materiales m\u00e1s resistentes.  Construcci\u00f3n de alta calidad: Estructura s\u00f3lida y componentes duraderos para una m\u00e1xima fiabilidad.  Vers\u00e1til: Perfecto para proyectos de construcci\u00f3n, demolici\u00f3n y obras viales (o construcci\u00f3n de carreteras).  El martillo hidr\u00e1ulico convierte su excavadora en una herramienta indispensable para el trabajo profesional de demolici\u00f3n. \u00a1Optimice sus procesos de trabajo con este potente accesorio!\" \/>\n<meta property=\"og:url\" content=\"https:\/\/rippaiberica.com\/?product=r22-destroyer\" \/>\n<meta property=\"og:site_name\" content=\"Rippa Iberica - Espa\u00f1a y Portugal\" \/>\n<meta property=\"article:modified_time\" content=\"2025-11-30T08:53:28+00:00\" \/>\n<meta property=\"og:image\" content=\"https:\/\/rippaiberica.com\/wp-content\/uploads\/2024\/09\/Destroyer.webp\" \/>\n\t<meta property=\"og:image:width\" content=\"720\" \/>\n\t<meta property=\"og:image:height\" content=\"720\" \/>\n\t<meta property=\"og:image:type\" content=\"image\/webp\" \/>\n<meta name=\"twitter:card\" content=\"summary_large_image\" \/>\n<script type=\"application\/ld+json\" class=\"yoast-schema-graph\">{\"@context\":\"https:\/\/schema.org\",\"@graph\":[{\"@type\":\"WebPage\",\"@id\":\"https:\/\/rippaiberica.com\/?product=r22-destroyer\",\"url\":\"https:\/\/rippaiberica.com\/?product=r22-destroyer\",\"name\":\"R22 destroyer - Rippa Iberica - Espa\u00f1a y Portugal\",\"isPartOf\":{\"@id\":\"https:\/\/rippaiberica.com\/#website\"},\"primaryImageOfPage\":{\"@id\":\"https:\/\/rippaiberica.com\/?product=r22-destroyer#primaryimage\"},\"image\":{\"@id\":\"https:\/\/rippaiberica.com\/?product=r22-destroyer#primaryimage\"},\"thumbnailUrl\":\"https:\/\/rippaiberica.com\/wp-content\/uploads\/2024\/09\/Destroyer.webp\",\"datePublished\":\"2025-10-16T18:14:08+00:00\",\"dateModified\":\"2025-11-30T08:53:28+00:00\",\"breadcrumb\":{\"@id\":\"https:\/\/rippaiberica.com\/?product=r22-destroyer#breadcrumb\"},\"inLanguage\":\"es\",\"potentialAction\":[{\"@type\":\"ReadAction\",\"target\":[\"https:\/\/rippaiberica.com\/?product=r22-destroyer\"]}]},{\"@type\":\"ImageObject\",\"inLanguage\":\"es\",\"@id\":\"https:\/\/rippaiberica.com\/?product=r22-destroyer#primaryimage\",\"url\":\"https:\/\/rippaiberica.com\/wp-content\/uploads\/2024\/09\/Destroyer.webp\",\"contentUrl\":\"https:\/\/rippaiberica.com\/wp-content\/uploads\/2024\/09\/Destroyer.webp\",\"width\":720,\"height\":720},{\"@type\":\"BreadcrumbList\",\"@id\":\"https:\/\/rippaiberica.com\/?product=r22-destroyer#breadcrumb\",\"itemListElement\":[{\"@type\":\"ListItem\",\"position\":1,\"name\":\"Inicio\",\"item\":\"https:\/\/rippaiberica.com\/\"},{\"@type\":\"ListItem\",\"position\":2,\"name\":\"Shop\",\"item\":\"https:\/\/rippaiberica.com\/?page_id=1708\"},{\"@type\":\"ListItem\",\"position\":3,\"name\":\"R22 destroyer\"}]},{\"@type\":\"WebSite\",\"@id\":\"https:\/\/rippaiberica.com\/#website\",\"url\":\"https:\/\/rippaiberica.com\/\",\"name\":\"Rippa Iberica - Espa\u00f1a y Portugal\",\"description\":\"\",\"publisher\":{\"@id\":\"https:\/\/rippaiberica.com\/#organization\"},\"potentialAction\":[{\"@type\":\"SearchAction\",\"target\":{\"@type\":\"EntryPoint\",\"urlTemplate\":\"https:\/\/rippaiberica.com\/?s={search_term_string}\"},\"query-input\":{\"@type\":\"PropertyValueSpecification\",\"valueRequired\":true,\"valueName\":\"search_term_string\"}}],\"inLanguage\":\"es\"},{\"@type\":\"Organization\",\"@id\":\"https:\/\/rippaiberica.com\/#organization\",\"name\":\"Rippa Iberica - Espa\u00f1a y Portugal\",\"url\":\"https:\/\/rippaiberica.com\/\",\"logo\":{\"@type\":\"ImageObject\",\"inLanguage\":\"es\",\"@id\":\"https:\/\/rippaiberica.com\/#\/schema\/logo\/image\/\",\"url\":\"https:\/\/rippaiberica.com\/wp-content\/uploads\/2025\/10\/logo-blanco.png\",\"contentUrl\":\"https:\/\/rippaiberica.com\/wp-content\/uploads\/2025\/10\/logo-blanco.png\",\"width\":1920,\"height\":578,\"caption\":\"Rippa Iberica - Espa\u00f1a y Portugal\"},\"image\":{\"@id\":\"https:\/\/rippaiberica.com\/#\/schema\/logo\/image\/\"}}]}<\/script>\n<!-- \/ Yoast SEO plugin. -->","yoast_head_json":{"title":"R22 destroyer - Rippa Iberica - Espa\u00f1a y Portugal","robots":{"index":"index","follow":"follow","max-snippet":"max-snippet:-1","max-image-preview":"max-image-preview:large","max-video-preview":"max-video-preview:-1"},"canonical":"https:\/\/rippaiberica.com\/?product=r22-destroyer","og_locale":"es_ES","og_type":"article","og_title":"R22 destroyer - Rippa Iberica - Espa\u00f1a y Portugal","og_description":"Martillo Hidr\u00e1ulico para Excavadoras \u2013 M\u00e1xima potencia de impacto para los materiales m\u00e1s duros.  El martillo hidr\u00e1ulico es la herramienta ideal para su excavadora cuando se trata de potentes trabajos de demolici\u00f3n y rotura de materiales duros como el hormig\u00f3n, el asfalto o la roca. Con su construcci\u00f3n robusta y su potente sistema hidr\u00e1ulico, garantiza la m\u00e1xima eficiencia en proyectos exigentes.  &nbsp;  Caracter\u00edsticas destacadas:  Potente: Dise\u00f1ado para una potencia de impacto extrema capaz de penetrar incluso los materiales m\u00e1s resistentes.  Construcci\u00f3n de alta calidad: Estructura s\u00f3lida y componentes duraderos para una m\u00e1xima fiabilidad.  Vers\u00e1til: Perfecto para proyectos de construcci\u00f3n, demolici\u00f3n y obras viales (o construcci\u00f3n de carreteras).  El martillo hidr\u00e1ulico convierte su excavadora en una herramienta indispensable para el trabajo profesional de demolici\u00f3n. \u00a1Optimice sus procesos de trabajo con este potente accesorio!","og_url":"https:\/\/rippaiberica.com\/?product=r22-destroyer","og_site_name":"Rippa Iberica - Espa\u00f1a y Portugal","article_modified_time":"2025-11-30T08:53:28+00:00","og_image":[{"width":720,"height":720,"url":"https:\/\/rippaiberica.com\/wp-content\/uploads\/2024\/09\/Destroyer.webp","type":"image\/webp"}],"twitter_card":"summary_large_image","schema":{"@context":"https:\/\/schema.org","@graph":[{"@type":"WebPage","@id":"https:\/\/rippaiberica.com\/?product=r22-destroyer","url":"https:\/\/rippaiberica.com\/?product=r22-destroyer","name":"R22 destroyer - Rippa Iberica - Espa\u00f1a y Portugal","isPartOf":{"@id":"https:\/\/rippaiberica.com\/#website"},"primaryImageOfPage":{"@id":"https:\/\/rippaiberica.com\/?product=r22-destroyer#primaryimage"},"image":{"@id":"https:\/\/rippaiberica.com\/?product=r22-destroyer#primaryimage"},"thumbnailUrl":"https:\/\/rippaiberica.com\/wp-content\/uploads\/2024\/09\/Destroyer.webp","datePublished":"2025-10-16T18:14:08+00:00","dateModified":"2025-11-30T08:53:28+00:00","breadcrumb":{"@id":"https:\/\/rippaiberica.com\/?product=r22-destroyer#breadcrumb"},"inLanguage":"es","potentialAction":[{"@type":"ReadAction","target":["https:\/\/rippaiberica.com\/?product=r22-destroyer"]}]},{"@type":"ImageObject","inLanguage":"es","@id":"https:\/\/rippaiberica.com\/?product=r22-destroyer#primaryimage","url":"https:\/\/rippaiberica.com\/wp-content\/uploads\/2024\/09\/Destroyer.webp","contentUrl":"https:\/\/rippaiberica.com\/wp-content\/uploads\/2024\/09\/Destroyer.webp","width":720,"height":720},{"@type":"BreadcrumbList","@id":"https:\/\/rippaiberica.com\/?product=r22-destroyer#breadcrumb","itemListElement":[{"@type":"ListItem","position":1,"name":"Inicio","item":"https:\/\/rippaiberica.com\/"},{"@type":"ListItem","position":2,"name":"Shop","item":"https:\/\/rippaiberica.com\/?page_id=1708"},{"@type":"ListItem","position":3,"name":"R22 destroyer"}]},{"@type":"WebSite","@id":"https:\/\/rippaiberica.com\/#website","url":"https:\/\/rippaiberica.com\/","name":"Rippa Iberica - Espa\u00f1a y Portugal","description":"","publisher":{"@id":"https:\/\/rippaiberica.com\/#organization"},"potentialAction":[{"@type":"SearchAction","target":{"@type":"EntryPoint","urlTemplate":"https:\/\/rippaiberica.com\/?s={search_term_string}"},"query-input":{"@type":"PropertyValueSpecification","valueRequired":true,"valueName":"search_term_string"}}],"inLanguage":"es"},{"@type":"Organization","@id":"https:\/\/rippaiberica.com\/#organization","name":"Rippa Iberica - Espa\u00f1a y Portugal","url":"https:\/\/rippaiberica.com\/","logo":{"@type":"ImageObject","inLanguage":"es","@id":"https:\/\/rippaiberica.com\/#\/schema\/logo\/image\/","url":"https:\/\/rippaiberica.com\/wp-content\/uploads\/2025\/10\/logo-blanco.png","contentUrl":"https:\/\/rippaiberica.com\/wp-content\/uploads\/2025\/10\/logo-blanco.png","width":1920,"height":578,"caption":"Rippa Iberica - Espa\u00f1a y Portugal"},"image":{"@id":"https:\/\/rippaiberica.com\/#\/schema\/logo\/image\/"}}]}},"jetpack_sharing_enabled":true,"_links":{"self":[{"href":"https:\/\/rippaiberica.com\/index.php?rest_route=\/wp\/v2\/product\/1883","targetHints":{"allow":["GET"]}}],"collection":[{"href":"https:\/\/rippaiberica.com\/index.php?rest_route=\/wp\/v2\/product"}],"about":[{"href":"https:\/\/rippaiberica.com\/index.php?rest_route=\/wp\/v2\/types\/product"}],"wp:featuredmedia":[{"embeddable":true,"href":"https:\/\/rippaiberica.com\/index.php?rest_route=\/wp\/v2\/media\/1878"}],"wp:attachment":[{"href":"https:\/\/rippaiberica.com\/index.php?rest_route=%2Fwp%2Fv2%2Fmedia&parent=1883"}],"wp:term":[{"taxonomy":"product_brand","embeddable":true,"href":"https:\/\/rippaiberica.com\/index.php?rest_route=%2Fwp%2Fv2%2Fproduct_brand&post=1883"},{"taxonomy":"product_cat","embeddable":true,"href":"https:\/\/rippaiberica.com\/index.php?rest_route=%2Fwp%2Fv2%2Fproduct_cat&post=1883"},{"taxonomy":"product_tag","embeddable":true,"href":"https:\/\/rippaiberica.com\/index.php?rest_route=%2Fwp%2Fv2%2Fproduct_tag&post=1883"}],"curies":[{"name":"wp","href":"https:\/\/api.w.org\/{rel}","templated":true}]}}