{"id":1710,"date":"2024-09-09T03:50:16","date_gmt":"2024-09-09T03:50:16","guid":{"rendered":"https:\/\/themes.webswaala.com\/CMS\/WW88\/?page_id=25"},"modified":"2025-11-30T10:04:15","modified_gmt":"2025-11-30T10:04:15","slug":"about-us","status":"publish","type":"page","link":"https:\/\/rippaiberica.com\/?page_id=1710","title":{"rendered":"Sobre nosotros"},"content":{"rendered":"\t\t<div data-elementor-type=\"wp-page\" data-elementor-id=\"1710\" class=\"elementor elementor-1710\">\n\t\t\t\t\t\t<div class=\"elementor-section elementor-top-section elementor-element elementor-element-a8d20fd animated-slow elementor-section-boxed elementor-section-height-default elementor-section-height-default elementor-invisible\" data-id=\"a8d20fd\" data-element_type=\"section\" data-settings=\"{&quot;animation&quot;:&quot;fadeIn&quot;}\">\n\t\t\t\t\t\t<div class=\"elementor-container elementor-column-gap-default\">\n\t\t\t\t\t<div class=\"elementor-column elementor-col-50 elementor-top-column elementor-element elementor-element-b7146d6\" data-id=\"b7146d6\" data-element_type=\"column\">\n\t\t\t<div class=\"elementor-widget-wrap elementor-element-populated\">\n\t\t\t\t\t\t<div class=\"elementor-element elementor-element-15ae057 elementor-widget__width-auto elementor-widget elementor-widget-image\" data-id=\"15ae057\" data-element_type=\"widget\" data-widget_type=\"image.default\">\n\t\t\t\t\t\t\t\t\t\t\t\t\t\t\t<img decoding=\"async\" src=\"https:\/\/themes.webswaala.com\/CMS\/WW88\/wp-content\/uploads\/2024\/09\/about.png\" title=\"\" alt=\"\" loading=\"lazy\" \/>\t\t\t\t\t\t\t\t\t\t\t\t\t\t\t<\/div>\n\t\t\t\t\t<\/div>\n\t\t<\/div>\n\t\t\t\t<div class=\"elementor-column elementor-col-50 elementor-top-column elementor-element elementor-element-afefa0c\" data-id=\"afefa0c\" data-element_type=\"column\">\n\t\t\t<div class=\"elementor-widget-wrap elementor-element-populated\">\n\t\t\t\t\t\t<div class=\"elementor-element elementor-element-c144dc2 elementor-widget elementor-widget-heading\" data-id=\"c144dc2\" data-element_type=\"widget\" data-widget_type=\"heading.default\">\n\t\t\t\t\t<h2 class=\"elementor-heading-title elementor-size-default\">Rippa Ib\u00e9rica - Espa\u00f1a y Portugal<\/h2>\t\t\t\t<\/div>\n\t\t\t\t<div class=\"elementor-element elementor-element-aef49e4 elementor-widget elementor-widget-text-editor\" data-id=\"aef49e4\" data-element_type=\"widget\" data-widget_type=\"text-editor.default\">\n\t\t\t\t\t\t\t\t\t<p>Rippa-Iberica es su nuevo socio para excavadoras de alta calidad, Operamos desde Espa\u00f1a y Portugal. Nuestras excavadoras cumplen con los m\u00e1s altos est\u00e1ndares de calidad y seguridad del sector. Con un dise\u00f1o robusto y la \u00faltima tecnolog\u00eda, las excavadoras Rippa garantizan la m\u00e1xima eficiencia y fiabilidad en cada proyecto de construcci\u00f3n. Conf\u00ede en Rippa para realizar su trabajo de forma segura, r\u00e1pida y exitosa.<\/p><p>Con una completa gama de productos que incluye excavadoras, minicargadoras, carretillas elevadoras, retroexcavadoras, cargadoras de ruedas, volquetes y tractores, RIPPA presta servicio a clientes en m\u00e1s de 100 pa\u00edses de todo el mundo.<\/p><p>RIPPA opera 12 l\u00edneas de producci\u00f3n inteligentes equipadas con sistemas automatizados de entrega de materiales y monitoreo de datos en tiempo real. Nuestras instalaciones producen m\u00e1s de 150 miniexcavadoras al d\u00eda, respaldadas por un estricto sistema de inspecci\u00f3n de calidad integral. Cualquier defecto implica no solo actualizaciones inmediatas de los equipos, sino tambi\u00e9n retiradas de productos y reinspecciones por lote.<\/p><p>Rippa mantiene una estrecha colaboraci\u00f3n t\u00e9cnica con Kubota, lo que garantiza un rendimiento superior del motor y soporte global de repuestos.<\/p>\t\t\t\t\t\t\t\t<\/div>\n\t\t\t\t<div class=\"elementor-element elementor-element-55d39ae elementor-tablet-align-center elementor-widget elementor-widget-button\" data-id=\"55d39ae\" data-element_type=\"widget\" data-widget_type=\"button.default\">\n\t\t\t\t\t\t\t\t\t\t<a class=\"elementor-button elementor-button-link elementor-size-sm elementor-animation-grow\" href=\"https:\/\/rippaiberica.com\/?product_cat=excavadoras\">\n\t\t\t\t\t\t<span class=\"elementor-button-content-wrapper\">\n\t\t\t\t\t\t\t\t\t<span class=\"elementor-button-text\">Ver productos<\/span>\n\t\t\t\t\t<\/span>\n\t\t\t\t\t<\/a>\n\t\t\t\t\t\t\t\t<\/div>\n\t\t\t\t\t<\/div>\n\t\t<\/div>\n\t\t\t\t\t<\/div>\n\t\t<\/div>\n\t\t\t\t<section class=\"elementor-section elementor-top-section elementor-element elementor-element-7d938a2 elementor-section-boxed elementor-section-height-default elementor-section-height-default\" data-id=\"7d938a2\" data-element_type=\"section\">\n\t\t\t\t\t\t<div class=\"elementor-container elementor-column-gap-default\">\n\t\t\t\t\t<div class=\"elementor-column elementor-col-100 elementor-top-column elementor-element elementor-element-bfe8765\" data-id=\"bfe8765\" data-element_type=\"column\">\n\t\t\t<div class=\"elementor-widget-wrap elementor-element-populated\">\n\t\t\t\t\t\t<section class=\"elementor-section elementor-inner-section elementor-element elementor-element-7070fe7 elementor-section-boxed elementor-section-height-default elementor-section-height-default\" data-id=\"7070fe7\" data-element_type=\"section\">\n\t\t\t\t\t\t<div class=\"elementor-container elementor-column-gap-default\">\n\t\t\t\t\t<div class=\"elementor-column elementor-col-50 elementor-inner-column elementor-element elementor-element-0edd051\" data-id=\"0edd051\" data-element_type=\"column\">\n\t\t\t<div class=\"elementor-widget-wrap elementor-element-populated\">\n\t\t\t\t\t\t<div class=\"elementor-element elementor-element-f22481c elementor-widget elementor-widget-text-editor\" data-id=\"f22481c\" data-element_type=\"widget\" data-widget_type=\"text-editor.default\">\n\t\t\t\t\t\t\t\t\t<p>Nuestros equipos operan desde Don Benito para toda Espa\u00f1a y Portugal, ofreciendo maquinaria de construcci\u00f3n de alto rendimiento.<br \/>Puede visitar nuestras instalaciones, donde disponemos de maquinaria en stock, en la calle Curtidores n\u00ba 48, en el Pol\u00edgono San Isidro de Don Benito (Badajoz).<\/p><p>Puede contactar con nosotros mediante el correo electr\u00f3nico pedidos@rippaiberica.com o en el tel\u00e9fono +34 634 65 35 39<\/p><p>Rippa es sin\u00f3nimo de calidad. No dude en contactarnos.<\/p>\t\t\t\t\t\t\t\t<\/div>\n\t\t\t\t\t<\/div>\n\t\t<\/div>\n\t\t\t\t<div class=\"elementor-column elementor-col-50 elementor-inner-column elementor-element elementor-element-1efd1b2\" data-id=\"1efd1b2\" data-element_type=\"column\">\n\t\t\t<div class=\"elementor-widget-wrap elementor-element-populated\">\n\t\t\t\t\t\t<div class=\"elementor-element elementor-element-1fe1ecc elementor-widget elementor-widget-google_maps\" data-id=\"1fe1ecc\" data-element_type=\"widget\" data-widget_type=\"google_maps.default\">\n\t\t\t\t\t\t\t<div class=\"elementor-custom-embed\">\n\t\t\t<iframe loading=\"lazy\"\n\t\t\t\t\tsrc=\"https:\/\/maps.google.com\/maps?q=curtidores%20n48%20%20Poligono%20san%20isidro%20Don%20benito&#038;t=m&#038;z=10&#038;output=embed&#038;iwloc=near\"\n\t\t\t\t\ttitle=\"curtidores n48  Poligono san isidro Don benito\"\n\t\t\t\t\taria-label=\"curtidores n48  Poligono san isidro Don benito\"\n\t\t\t><\/iframe>\n\t\t<\/div>\n\t\t\t\t\t\t<\/div>\n\t\t\t\t\t<\/div>\n\t\t<\/div>\n\t\t\t\t\t<\/div>\n\t\t<\/section>\n\t\t\t\t\t<\/div>\n\t\t<\/div>\n\t\t\t\t\t<\/div>\n\t\t<\/section>\n\t\t\t\t<\/div>\n\t\t","protected":false},"excerpt":{"rendered":"<p>Rippa Ib\u00e9rica &#8211; Espa\u00f1a y Portugal Rippa-Iberica es su nuevo socio para excavadoras de alta calidad, Operamos desde Espa\u00f1a y Portugal. Nuestras excavadoras cumplen con los m\u00e1s altos est\u00e1ndares de calidad y seguridad del sector. Con un dise\u00f1o robusto y la \u00faltima tecnolog\u00eda, las excavadoras Rippa garantizan la m\u00e1xima eficiencia y fiabilidad en cada proyecto&#8230;<\/p>\n","protected":false},"author":1,"featured_media":910,"parent":0,"menu_order":0,"comment_status":"open","ping_status":"closed","template":"","meta":{"_seopress_robots_primary_cat":"","_seopress_titles_title":"","_seopress_titles_desc":"","_seopress_robots_index":"","_kad_post_transparent":"","_kad_post_title":"default","_kad_post_layout":"default","_kad_post_sidebar_id":"","_kad_post_content_style":"unboxed","_kad_post_vertical_padding":"default","_kad_post_feature":"default","_kad_post_feature_position":"","_kad_post_header":false,"_kad_post_footer":false,"footnotes":""},"class_list":["post-1710","page","type-page","status-publish","has-post-thumbnail","hentry"],"yoast_head":"<!-- This site is optimized with the Yoast SEO plugin v26.5 - https:\/\/yoast.com\/wordpress\/plugins\/seo\/ -->\n<title>Sobre nosotros - Rippa Iberica - Espa\u00f1a y Portugal<\/title>\n<meta name=\"robots\" content=\"index, follow, max-snippet:-1, max-image-preview:large, max-video-preview:-1\" \/>\n<link rel=\"canonical\" href=\"https:\/\/rippaiberica.com\/?page_id=1710\" \/>\n<meta property=\"og:locale\" content=\"es_ES\" \/>\n<meta property=\"og:type\" content=\"article\" \/>\n<meta property=\"og:title\" content=\"Sobre nosotros - Rippa Iberica - Espa\u00f1a y Portugal\" \/>\n<meta property=\"og:description\" content=\"Rippa Ib\u00e9rica &#8211; Espa\u00f1a y Portugal Rippa-Iberica es su nuevo socio para excavadoras de alta calidad, Operamos desde Espa\u00f1a y Portugal. Nuestras excavadoras cumplen con los m\u00e1s altos est\u00e1ndares de calidad y seguridad del sector. Con un dise\u00f1o robusto y la \u00faltima tecnolog\u00eda, las excavadoras Rippa garantizan la m\u00e1xima eficiencia y fiabilidad en cada proyecto...\" \/>\n<meta property=\"og:url\" content=\"https:\/\/rippaiberica.com\/?page_id=1710\" \/>\n<meta property=\"og:site_name\" content=\"Rippa Iberica - Espa\u00f1a y Portugal\" \/>\n<meta property=\"article:modified_time\" content=\"2025-11-30T10:04:15+00:00\" \/>\n<meta name=\"twitter:card\" content=\"summary_large_image\" \/>\n<meta name=\"twitter:label1\" content=\"Tiempo de lectura\" \/>\n\t<meta name=\"twitter:data1\" content=\"1 minuto\" \/>\n<script type=\"application\/ld+json\" class=\"yoast-schema-graph\">{\"@context\":\"https:\/\/schema.org\",\"@graph\":[{\"@type\":\"WebPage\",\"@id\":\"https:\/\/rippaiberica.com\/?page_id=1710\",\"url\":\"https:\/\/rippaiberica.com\/?page_id=1710\",\"name\":\"Sobre nosotros - Rippa Iberica - Espa\u00f1a y Portugal\",\"isPartOf\":{\"@id\":\"https:\/\/rippaiberica.com\/#website\"},\"primaryImageOfPage\":{\"@id\":\"https:\/\/rippaiberica.com\/?page_id=1710#primaryimage\"},\"image\":{\"@id\":\"https:\/\/rippaiberica.com\/?page_id=1710#primaryimage\"},\"thumbnailUrl\":\"\",\"datePublished\":\"2024-09-09T03:50:16+00:00\",\"dateModified\":\"2025-11-30T10:04:15+00:00\",\"breadcrumb\":{\"@id\":\"https:\/\/rippaiberica.com\/?page_id=1710#breadcrumb\"},\"inLanguage\":\"es\",\"potentialAction\":[{\"@type\":\"ReadAction\",\"target\":[\"https:\/\/rippaiberica.com\/?page_id=1710\"]}]},{\"@type\":\"ImageObject\",\"inLanguage\":\"es\",\"@id\":\"https:\/\/rippaiberica.com\/?page_id=1710#primaryimage\",\"url\":\"\",\"contentUrl\":\"\"},{\"@type\":\"BreadcrumbList\",\"@id\":\"https:\/\/rippaiberica.com\/?page_id=1710#breadcrumb\",\"itemListElement\":[{\"@type\":\"ListItem\",\"position\":1,\"name\":\"Inicio\",\"item\":\"https:\/\/rippaiberica.com\/\"},{\"@type\":\"ListItem\",\"position\":2,\"name\":\"Sobre nosotros\"}]},{\"@type\":\"WebSite\",\"@id\":\"https:\/\/rippaiberica.com\/#website\",\"url\":\"https:\/\/rippaiberica.com\/\",\"name\":\"Rippa Iberica - Espa\u00f1a y Portugal\",\"description\":\"\",\"publisher\":{\"@id\":\"https:\/\/rippaiberica.com\/#organization\"},\"potentialAction\":[{\"@type\":\"SearchAction\",\"target\":{\"@type\":\"EntryPoint\",\"urlTemplate\":\"https:\/\/rippaiberica.com\/?s={search_term_string}\"},\"query-input\":{\"@type\":\"PropertyValueSpecification\",\"valueRequired\":true,\"valueName\":\"search_term_string\"}}],\"inLanguage\":\"es\"},{\"@type\":\"Organization\",\"@id\":\"https:\/\/rippaiberica.com\/#organization\",\"name\":\"Rippa Iberica - Espa\u00f1a y Portugal\",\"url\":\"https:\/\/rippaiberica.com\/\",\"logo\":{\"@type\":\"ImageObject\",\"inLanguage\":\"es\",\"@id\":\"https:\/\/rippaiberica.com\/#\/schema\/logo\/image\/\",\"url\":\"https:\/\/rippaiberica.com\/wp-content\/uploads\/2025\/10\/logo-blanco.png\",\"contentUrl\":\"https:\/\/rippaiberica.com\/wp-content\/uploads\/2025\/10\/logo-blanco.png\",\"width\":1920,\"height\":578,\"caption\":\"Rippa Iberica - Espa\u00f1a y Portugal\"},\"image\":{\"@id\":\"https:\/\/rippaiberica.com\/#\/schema\/logo\/image\/\"}}]}<\/script>\n<!-- \/ Yoast SEO plugin. -->","yoast_head_json":{"title":"Sobre nosotros - Rippa Iberica - Espa\u00f1a y Portugal","robots":{"index":"index","follow":"follow","max-snippet":"max-snippet:-1","max-image-preview":"max-image-preview:large","max-video-preview":"max-video-preview:-1"},"canonical":"https:\/\/rippaiberica.com\/?page_id=1710","og_locale":"es_ES","og_type":"article","og_title":"Sobre nosotros - Rippa Iberica - Espa\u00f1a y Portugal","og_description":"Rippa Ib\u00e9rica &#8211; Espa\u00f1a y Portugal Rippa-Iberica es su nuevo socio para excavadoras de alta calidad, Operamos desde Espa\u00f1a y Portugal. Nuestras excavadoras cumplen con los m\u00e1s altos est\u00e1ndares de calidad y seguridad del sector. Con un dise\u00f1o robusto y la \u00faltima tecnolog\u00eda, las excavadoras Rippa garantizan la m\u00e1xima eficiencia y fiabilidad en cada proyecto...","og_url":"https:\/\/rippaiberica.com\/?page_id=1710","og_site_name":"Rippa Iberica - Espa\u00f1a y Portugal","article_modified_time":"2025-11-30T10:04:15+00:00","twitter_card":"summary_large_image","twitter_misc":{"Tiempo de lectura":"1 minuto"},"schema":{"@context":"https:\/\/schema.org","@graph":[{"@type":"WebPage","@id":"https:\/\/rippaiberica.com\/?page_id=1710","url":"https:\/\/rippaiberica.com\/?page_id=1710","name":"Sobre nosotros - Rippa Iberica - Espa\u00f1a y Portugal","isPartOf":{"@id":"https:\/\/rippaiberica.com\/#website"},"primaryImageOfPage":{"@id":"https:\/\/rippaiberica.com\/?page_id=1710#primaryimage"},"image":{"@id":"https:\/\/rippaiberica.com\/?page_id=1710#primaryimage"},"thumbnailUrl":"","datePublished":"2024-09-09T03:50:16+00:00","dateModified":"2025-11-30T10:04:15+00:00","breadcrumb":{"@id":"https:\/\/rippaiberica.com\/?page_id=1710#breadcrumb"},"inLanguage":"es","potentialAction":[{"@type":"ReadAction","target":["https:\/\/rippaiberica.com\/?page_id=1710"]}]},{"@type":"ImageObject","inLanguage":"es","@id":"https:\/\/rippaiberica.com\/?page_id=1710#primaryimage","url":"","contentUrl":""},{"@type":"BreadcrumbList","@id":"https:\/\/rippaiberica.com\/?page_id=1710#breadcrumb","itemListElement":[{"@type":"ListItem","position":1,"name":"Inicio","item":"https:\/\/rippaiberica.com\/"},{"@type":"ListItem","position":2,"name":"Sobre nosotros"}]},{"@type":"WebSite","@id":"https:\/\/rippaiberica.com\/#website","url":"https:\/\/rippaiberica.com\/","name":"Rippa Iberica - Espa\u00f1a y Portugal","description":"","publisher":{"@id":"https:\/\/rippaiberica.com\/#organization"},"potentialAction":[{"@type":"SearchAction","target":{"@type":"EntryPoint","urlTemplate":"https:\/\/rippaiberica.com\/?s={search_term_string}"},"query-input":{"@type":"PropertyValueSpecification","valueRequired":true,"valueName":"search_term_string"}}],"inLanguage":"es"},{"@type":"Organization","@id":"https:\/\/rippaiberica.com\/#organization","name":"Rippa Iberica - Espa\u00f1a y Portugal","url":"https:\/\/rippaiberica.com\/","logo":{"@type":"ImageObject","inLanguage":"es","@id":"https:\/\/rippaiberica.com\/#\/schema\/logo\/image\/","url":"https:\/\/rippaiberica.com\/wp-content\/uploads\/2025\/10\/logo-blanco.png","contentUrl":"https:\/\/rippaiberica.com\/wp-content\/uploads\/2025\/10\/logo-blanco.png","width":1920,"height":578,"caption":"Rippa Iberica - Espa\u00f1a y Portugal"},"image":{"@id":"https:\/\/rippaiberica.com\/#\/schema\/logo\/image\/"}}]}},"jetpack_sharing_enabled":true,"_links":{"self":[{"href":"https:\/\/rippaiberica.com\/index.php?rest_route=\/wp\/v2\/pages\/1710","targetHints":{"allow":["GET"]}}],"collection":[{"href":"https:\/\/rippaiberica.com\/index.php?rest_route=\/wp\/v2\/pages"}],"about":[{"href":"https:\/\/rippaiberica.com\/index.php?rest_route=\/wp\/v2\/types\/page"}],"author":[{"embeddable":true,"href":"https:\/\/rippaiberica.com\/index.php?rest_route=\/wp\/v2\/users\/1"}],"replies":[{"embeddable":true,"href":"https:\/\/rippaiberica.com\/index.php?rest_route=%2Fwp%2Fv2%2Fcomments&post=1710"}],"version-history":[{"count":24,"href":"https:\/\/rippaiberica.com\/index.php?rest_route=\/wp\/v2\/pages\/1710\/revisions"}],"predecessor-version":[{"id":2206,"href":"https:\/\/rippaiberica.com\/index.php?rest_route=\/wp\/v2\/pages\/1710\/revisions\/2206"}],"wp:featuredmedia":[{"embeddable":true,"href":"https:\/\/rippaiberica.com\/index.php?rest_route=\/"}],"wp:attachment":[{"href":"https:\/\/rippaiberica.com\/index.php?rest_route=%2Fwp%2Fv2%2Fmedia&parent=1710"}],"curies":[{"name":"wp","href":"https:\/\/api.w.org\/{rel}","templated":true}]}}