{"id":1481,"date":"2024-09-12T12:34:54","date_gmt":"2024-09-12T12:34:54","guid":{"rendered":"https:\/\/themes.webswaala.com\/CMS\/WW88\/?page_id=1481"},"modified":"2025-12-17T10:30:50","modified_gmt":"2025-12-17T10:30:50","slug":"terms-and-conditions","status":"publish","type":"page","link":"https:\/\/rippaiberica.com\/?page_id=1481","title":{"rendered":"TERMINOS Y CONDICIONES"},"content":{"rendered":"\n<h3 class=\"wp-block-heading\" style=\"padding-top:var(--wp--preset--spacing--40);padding-bottom:var(--wp--preset--spacing--40)\">VISI\u00d3N GENERAL<br><\/h3>\n\n\n\n<p>Este sitio web es operado por Rippa-Iberica. A lo largo del sitio, los t\u00e9rminos \u00abnosotros\u00bb, \u00abnos\u00bb y \u00abnuestro\u00bb se refieren a Rippa-Iberica. Rippa-Ibericaofrece este sitio web, incluida toda la informaci\u00f3n, herramientas y servicios disponibles desde este sitio, a usted, el usuario, condicionado a la aceptaci\u00f3n de todos los t\u00e9rminos, condiciones, pol\u00edticas y avisos aqu\u00ed establecidos. Al visitar nuestro sitio y\/o comprar algo de nosotros, participa en nuestro \u00abServicio\u00bb y acepta estar sujeto a los siguientes t\u00e9rminos y condiciones (\u00abT\u00e9rminos de servicio\u00bb, \u00abT\u00e9rminos\u00bb), incluidos aquellos t\u00e9rminos y pol\u00edticas adicionales referenciados aqu\u00ed y\/o disponibles mediante hiperv\u00ednculo. Estos T\u00e9rminos se aplican a todos los usuarios del sitio, incluidos, entre otros, navegadores, proveedores, clientes, comerciantes y\/o contribuyentes de contenido. Lea atentamente estos T\u00e9rminos y Condiciones antes de acceder o utilizar nuestro sitio. Al acceder o utilizar cualquier parte del sitio, acepta estar sujeto a estos T\u00e9rminos. Si no est\u00e1 de acuerdo con todos los t\u00e9rminos y condiciones de este acuerdo, no podr\u00e1 acceder al sitio web ni utilizar ning\u00fan servicio. Si estos t\u00e9rminos y condiciones se consideran una oferta, la aceptaci\u00f3n se limita expresamente a estos t\u00e9rminos.<br>Cualquier caracter\u00edstica o herramienta nueva que se agregue a la tienda actual tambi\u00e9n estar\u00e1 sujeta a estos t\u00e9rminos. Puede revisar la versi\u00f3n m\u00e1s reciente de los t\u00e9rminos en cualquier momento en esta p\u00e1gina. Nos reservamos el derecho de actualizar, cambiar o reemplazar cualquier parte de estos t\u00e9rminos publicando actualizaciones y\/o cambios en nuestro sitio web. Es su responsabilidad revisar peri\u00f3dicamente esta p\u00e1gina. Su uso continuado del sitio web despu\u00e9s de la publicaci\u00f3n de cambios constituye la aceptaci\u00f3n de dichos cambios.<\/p>\n\n\n\n<p>Nuestra tienda est\u00e1 alojada por Shopify Inc., que nos proporciona la plataforma de comercio electr\u00f3nico en l\u00ednea que nos permite venderle nuestros productos y servicios.<\/p>\n\n\n\n<p>SECCI\u00d3N 1 &#8211; T\u00c9RMINOS DE LA TIENDA EN L\u00cdNEA<br>Al aceptar estos T\u00e9rminos, declara que tiene al menos la mayor\u00eda de edad en su estado o provincia de residencia, o que tiene la mayor\u00eda de edad y nos ha dado su consentimiento para permitir que sus dependientes menores usen este sitio.<br>No puede utilizar nuestros productos para ning\u00fan prop\u00f3sito ilegal o no autorizado, ni violar ninguna ley de su jurisdicci\u00f3n (incluyendo, pero no limitado a, leyes de derechos de autor).<br>No debe transmitir gusanos, virus ni ning\u00fan c\u00f3digo de naturaleza destructiva.<br>El incumplimiento de cualquiera de los T\u00e9rminos resultar\u00e1 en la terminaci\u00f3n inmediata de sus Servicios.<\/p>\n\n\n\n<p>SECCI\u00d3N 2 &#8211; CONDICIONES GENERALES<br>Nos reservamos el derecho de rechazar el servicio a cualquier persona, por cualquier motivo y en cualquier momento.<br>Comprende que su contenido (excepto la informaci\u00f3n de tarjetas) puede transferirse sin cifrar e implicar (a) transmisiones por varias redes y (b) adaptaciones a requisitos t\u00e9cnicos de conexi\u00f3n entre redes o dispositivos. La informaci\u00f3n de tarjetas siempre se cifra cuando se transmite por redes.<br>Usted acepta no reproducir, duplicar, copiar, vender, revender ni explotar ninguna parte del Servicio sin nuestro permiso escrito.<br>Los encabezados se utilizan solo por conveniencia y no limitan ni afectan estos T\u00e9rminos.<\/p>\n\n\n\n<p>SECCI\u00d3N 3 &#8211; EXACTITUD, INTEGRIDAD Y ACTUALIDAD DE LA INFORMACI\u00d3N<br>No somos responsables de la exactitud, integridad o actualidad de la informaci\u00f3n en este sitio. Los materiales se proporcionan con fines informativos generales y no deben usarse como \u00fanica base para tomar decisiones sin consultar fuentes primarias m\u00e1s precisas o completas. El uso de los materiales es bajo su propio riesgo.<br>Este sitio puede contener informaci\u00f3n hist\u00f3rica, que no es necesariamente actual y se proporciona solo como referencia. Nos reservamos el derecho, aunque no estamos obligados, de cambiar el contenido en cualquier momento. Es su responsabilidad monitorear los cambios del sitio.<\/p>\n\n\n\n<p>SECCI\u00d3N 4 &#8211; MODIFICACIONES AL SERVICIO Y PRECIOS<br>Los precios de los productos est\u00e1n sujetos a cambios sin previo aviso. Todos los precios que aparecen en la web son SIN impuestos a\u00f1adidos.<br>Nos reservamos el derecho de modificar o discontinuar el Servicio sin aviso.<br>No seremos responsables ante usted ni ante terceros por modificaciones, suspensiones o interrupciones del Servicio.<br>Los gastos de env\u00edo se calcular\u00e1n una vez haya realizado el pedido. En funci\u00f3n de los art\u00edculos comprados se calcular\u00e1n los gastos de env\u00edo y se le enviar\u00e1 un correo con el total a abonar en la transferencia.<\/p>\n\n\n\n<p>SECCI\u00d3N 5 &#8211; PRODUCTOS O SERVICIOS (si aplica)<br>Hacemos todo lo posible para mostrar con precisi\u00f3n los colores e im\u00e1genes de los productos, pero no garantizamos que su monitor refleje los colores correctamente.<br>Nos reservamos el derecho de limitar las ventas a cualquier persona o regi\u00f3n y las cantidades de cualquier producto. Todas las descripciones y precios pueden cambiar sin previo aviso. Podemos discontinuar cualquier producto en cualquier momento.<br>No garantizamos que la calidad de cualquier producto, servicio o informaci\u00f3n cumpla sus expectativas, ni que los errores sean corregidos.<\/p>\n\n\n\n<p>SECCI\u00d3N 6 &#8211; EXACTITUD DE FACTURACI\u00d3N Y CUENTA<br>Podemos rechazar cualquier pedido. Podemos limitar o cancelar cantidades compradas por persona o direcci\u00f3n. En caso de cambios o cancelaciones, se lo notificaremos por correo electr\u00f3nico o tel\u00e9fono. Nos reservamos el derecho de limitar pedidos que, seg\u00fan nuestro criterio, parezcan realizados por revendedores.<br>Usted acepta proporcionar informaci\u00f3n de compra y cuenta actualizada y precisa, incluyendo su correo electr\u00f3nico y datos de tarjeta.<\/p>\n\n\n\n<p>SECCI\u00d3N 7 &#8211; HERRAMIENTAS OPCIONALES<br>Podemos darle acceso a herramientas de terceros sobre las que no tenemos control. Usted acepta que el uso es bajo su propio riesgo y sin garant\u00edas. Cualquier servicio futuro estar\u00e1 igualmente sujeto a estos T\u00e9rminos.<\/p>\n\n\n\n<p>SECCI\u00d3N 8 &#8211; ENLACES DE TERCEROS<br>Algunos contenidos o servicios pueden incluir materiales de terceros.<br>Los enlaces de terceros pueden dirigirle a sitios ajenos, sin afiliaci\u00f3n. No somos responsables del contenido, exactitud ni de las transacciones realizadas con ellos. Lea cuidadosamente sus pol\u00edticas antes de realizar operaciones.<\/p>\n\n\n\n<p>SECCI\u00d3N 9 &#8211; COMENTARIOS, RETROALIMENTACI\u00d3N Y OTRAS APORTACIONES<br>Si nos env\u00eda ideas, sugerencias o materiales (\u00abcomentarios\u00bb), acepta que podamos editarlos, publicarlos y utilizarlos sin restricciones ni obligaci\u00f3n de confidencialidad o compensaci\u00f3n.<br>Podemos eliminar contenido que consideremos il\u00edcito, ofensivo o que infrinja derechos.<br>Sus comentarios no deben violar derechos de terceros ni contener material difamatorio, obsceno o malicioso. El uso de datos falsos o virus est\u00e1 prohibido. Usted es responsable del contenido que publique.<\/p>\n\n\n\n<p>SECCI\u00d3N 10 &#8211; ERRORES, IMPRECISIONES Y OMISIONES<br>Ocasionalmente puede haber errores o imprecisiones relativos a descripciones, precios o disponibilidad. Nos reservamos el derecho de corregirlos sin previo aviso, incluso despu\u00e9s de realizado un pedido.<br>No tenemos obligaci\u00f3n de actualizar informaci\u00f3n, salvo cuando la ley lo requiera.<\/p>\n\n\n\n<p>SECCI\u00d3N 11 &#8211; USOS PROHIBIDOS<br>Adem\u00e1s de otras prohibiciones mencionadas, usted no debe utilizar el sitio o su contenido para:<br>(a) fines ilegales; (b) violar regulaciones; (c) infringir propiedad intelectual; (d) acosar o discriminar; (e) difundir c\u00f3digo malicioso; (f) recopilar datos personales sin permiso; (g) spam, phishing o scraping; (h) prop\u00f3sitos obscenos o inmorales; o (i) alterar la seguridad del Servicio.<br>Nos reservamos el derecho de suspender el acceso por cualquier uso prohibido.<\/p>\n\n\n\n<p>SECCI\u00d3N 12 &#8211; RENUNCIA DE GARANT\u00cdAS Y LIMITACI\u00d3N DE RESPONSABILIDAD<br>No garantizamos que el servicio sea ininterrumpido o libre de errores.<br>El uso del servicio es bajo su propio riesgo. Todo se proporciona \u201ctal cual\u201d y \u201cseg\u00fan disponibilidad\u201d, sin garant\u00edas impl\u00edcitas.<br>Rippa-Iberica y sus asociados no ser\u00e1n responsables de da\u00f1os directos, indirectos o consecuentes derivados del uso del servicio o productos, incluso si se advirti\u00f3 la posibilidad.<br>En algunas jurisdicciones, las limitaciones pueden no aplicarse; en tal caso, la responsabilidad se limitar\u00e1 al m\u00e1ximo permitido por ley.<\/p>\n\n\n\n<p>SECCI\u00d3N 13 &#8211; INDEMNIZACI\u00d3N<br>Usted acepta indemnizar a Rippa-Iberica y sus filiales, directivos, empleados y contratistas por cualquier reclamaci\u00f3n de terceros debida a su incumplimiento de estos T\u00e9rminos o de la ley.<\/p>\n\n\n\n<p>SECCI\u00d3N 14 &#8211; DIVISIBILIDAD<br>Si alguna disposici\u00f3n se considera inv\u00e1lida, las dem\u00e1s seguir\u00e1n siendo v\u00e1lidas y aplicables.<\/p>\n\n\n\n<p>SECCI\u00d3N 15 &#8211; TERMINACI\u00d3N<br>Las obligaciones previas a la terminaci\u00f3n permanecer\u00e1n vigentes.<br>Puede terminar este acuerdo notific\u00e1ndonos que deja de usar los Servicios. Tambi\u00e9n podemos terminarlo si incumple los T\u00e9rminos, reteniendo su responsabilidad por cargos pendientes.<\/p>\n\n\n\n<p>SECCI\u00d3N 16 &#8211; ACUERDO COMPLETO<br>La falta de ejercicio de un derecho no constituye renuncia al mismo.<br>Estos T\u00e9rminos constituyen el acuerdo completo entre usted y nosotros y sustituyen cualquier comunicaci\u00f3n anterior.<br>Cualquier ambig\u00fcedad se interpretar\u00e1 de forma neutral.<\/p>\n\n\n\n<p>SECCI\u00d3N 17 &#8211; LEY APLICABLE<br>Estos T\u00e9rminos se rigen por las leyes de Bulgaria.<\/p>\n\n\n\n<p>SECCI\u00d3N 18 &#8211; CAMBIOS A ESTOS T\u00c9RMINOS<br>Puede revisar la versi\u00f3n m\u00e1s reciente en cualquier momento.<br>Nos reservamos el derecho de modificar estos T\u00e9rminos publicando los cambios en nuestro sitio. Su uso continuo constituye aceptaci\u00f3n.<\/p>\n\n\n\n<p>Tel\u00e9fono: +34 634653539<br>Correo electr\u00f3nico: <a href=\"mailto:Info@rippa-europe.com\">pedidos@rippaiberica.com<\/a><br>Sitio web: <a href=\"https:\/\/rippaiberica.com\/\">https:\/\/rippaiberica.com\/<\/a><\/p>\n\n\n\n<p><\/p>\n\n\n\n<p><\/p>\n","protected":false},"excerpt":{"rendered":"<p>VISI\u00d3N GENERAL Este sitio web es operado por Rippa-Iberica. A lo largo del sitio, los t\u00e9rminos \u00abnosotros\u00bb, \u00abnos\u00bb y \u00abnuestro\u00bb se refieren a Rippa-Iberica. Rippa-Ibericaofrece este sitio web, incluida toda la informaci\u00f3n, herramientas y servicios disponibles desde este sitio, a usted, el usuario, condicionado a la aceptaci\u00f3n de todos los t\u00e9rminos, condiciones, pol\u00edticas y avisos&#8230;<\/p>\n","protected":false},"author":1,"featured_media":910,"parent":0,"menu_order":0,"comment_status":"closed","ping_status":"closed","template":"","meta":{"_seopress_robots_primary_cat":"","_seopress_titles_title":"","_seopress_titles_desc":"","_seopress_robots_index":"","_kad_post_transparent":"","_kad_post_title":"","_kad_post_layout":"","_kad_post_sidebar_id":"","_kad_post_content_style":"unboxed","_kad_post_vertical_padding":"","_kad_post_feature":"","_kad_post_feature_position":"","_kad_post_header":false,"_kad_post_footer":false,"footnotes":""},"class_list":["post-1481","page","type-page","status-publish","has-post-thumbnail","hentry"],"yoast_head":"<!-- This site is optimized with the Yoast SEO plugin v26.5 - https:\/\/yoast.com\/wordpress\/plugins\/seo\/ -->\n<title>TERMINOS Y CONDICIONES - Rippa Iberica - Espa\u00f1a y Portugal<\/title>\n<meta name=\"robots\" content=\"index, follow, max-snippet:-1, max-image-preview:large, max-video-preview:-1\" \/>\n<link rel=\"canonical\" href=\"https:\/\/rippaiberica.com\/?page_id=1481\" \/>\n<meta property=\"og:locale\" content=\"es_ES\" \/>\n<meta property=\"og:type\" content=\"article\" \/>\n<meta property=\"og:title\" content=\"TERMINOS Y CONDICIONES - Rippa Iberica - Espa\u00f1a y Portugal\" \/>\n<meta property=\"og:description\" content=\"VISI\u00d3N GENERAL Este sitio web es operado por Rippa-Iberica. A lo largo del sitio, los t\u00e9rminos \u00abnosotros\u00bb, \u00abnos\u00bb y \u00abnuestro\u00bb se refieren a Rippa-Iberica. Rippa-Ibericaofrece este sitio web, incluida toda la informaci\u00f3n, herramientas y servicios disponibles desde este sitio, a usted, el usuario, condicionado a la aceptaci\u00f3n de todos los t\u00e9rminos, condiciones, pol\u00edticas y avisos...\" \/>\n<meta property=\"og:url\" content=\"https:\/\/rippaiberica.com\/?page_id=1481\" \/>\n<meta property=\"og:site_name\" content=\"Rippa Iberica - Espa\u00f1a y Portugal\" \/>\n<meta property=\"article:modified_time\" content=\"2025-12-17T10:30:50+00:00\" \/>\n<meta name=\"twitter:card\" content=\"summary_large_image\" \/>\n<meta name=\"twitter:label1\" content=\"Tiempo de lectura\" \/>\n\t<meta name=\"twitter:data1\" content=\"7 minutos\" \/>\n<script type=\"application\/ld+json\" class=\"yoast-schema-graph\">{\"@context\":\"https:\/\/schema.org\",\"@graph\":[{\"@type\":\"WebPage\",\"@id\":\"https:\/\/rippaiberica.com\/?page_id=1481\",\"url\":\"https:\/\/rippaiberica.com\/?page_id=1481\",\"name\":\"TERMINOS Y CONDICIONES - Rippa Iberica - Espa\u00f1a y Portugal\",\"isPartOf\":{\"@id\":\"https:\/\/rippaiberica.com\/#website\"},\"primaryImageOfPage\":{\"@id\":\"https:\/\/rippaiberica.com\/?page_id=1481#primaryimage\"},\"image\":{\"@id\":\"https:\/\/rippaiberica.com\/?page_id=1481#primaryimage\"},\"thumbnailUrl\":\"\",\"datePublished\":\"2024-09-12T12:34:54+00:00\",\"dateModified\":\"2025-12-17T10:30:50+00:00\",\"breadcrumb\":{\"@id\":\"https:\/\/rippaiberica.com\/?page_id=1481#breadcrumb\"},\"inLanguage\":\"es\",\"potentialAction\":[{\"@type\":\"ReadAction\",\"target\":[\"https:\/\/rippaiberica.com\/?page_id=1481\"]}]},{\"@type\":\"ImageObject\",\"inLanguage\":\"es\",\"@id\":\"https:\/\/rippaiberica.com\/?page_id=1481#primaryimage\",\"url\":\"\",\"contentUrl\":\"\"},{\"@type\":\"BreadcrumbList\",\"@id\":\"https:\/\/rippaiberica.com\/?page_id=1481#breadcrumb\",\"itemListElement\":[{\"@type\":\"ListItem\",\"position\":1,\"name\":\"Inicio\",\"item\":\"https:\/\/rippaiberica.com\/\"},{\"@type\":\"ListItem\",\"position\":2,\"name\":\"TERMINOS Y CONDICIONES\"}]},{\"@type\":\"WebSite\",\"@id\":\"https:\/\/rippaiberica.com\/#website\",\"url\":\"https:\/\/rippaiberica.com\/\",\"name\":\"Rippa Iberica - Espa\u00f1a y Portugal\",\"description\":\"\",\"publisher\":{\"@id\":\"https:\/\/rippaiberica.com\/#organization\"},\"potentialAction\":[{\"@type\":\"SearchAction\",\"target\":{\"@type\":\"EntryPoint\",\"urlTemplate\":\"https:\/\/rippaiberica.com\/?s={search_term_string}\"},\"query-input\":{\"@type\":\"PropertyValueSpecification\",\"valueRequired\":true,\"valueName\":\"search_term_string\"}}],\"inLanguage\":\"es\"},{\"@type\":\"Organization\",\"@id\":\"https:\/\/rippaiberica.com\/#organization\",\"name\":\"Rippa Iberica - Espa\u00f1a y Portugal\",\"url\":\"https:\/\/rippaiberica.com\/\",\"logo\":{\"@type\":\"ImageObject\",\"inLanguage\":\"es\",\"@id\":\"https:\/\/rippaiberica.com\/#\/schema\/logo\/image\/\",\"url\":\"https:\/\/rippaiberica.com\/wp-content\/uploads\/2025\/10\/logo-blanco.png\",\"contentUrl\":\"https:\/\/rippaiberica.com\/wp-content\/uploads\/2025\/10\/logo-blanco.png\",\"width\":1920,\"height\":578,\"caption\":\"Rippa Iberica - Espa\u00f1a y Portugal\"},\"image\":{\"@id\":\"https:\/\/rippaiberica.com\/#\/schema\/logo\/image\/\"}}]}<\/script>\n<!-- \/ Yoast SEO plugin. -->","yoast_head_json":{"title":"TERMINOS Y CONDICIONES - Rippa Iberica - Espa\u00f1a y Portugal","robots":{"index":"index","follow":"follow","max-snippet":"max-snippet:-1","max-image-preview":"max-image-preview:large","max-video-preview":"max-video-preview:-1"},"canonical":"https:\/\/rippaiberica.com\/?page_id=1481","og_locale":"es_ES","og_type":"article","og_title":"TERMINOS Y CONDICIONES - Rippa Iberica - Espa\u00f1a y Portugal","og_description":"VISI\u00d3N GENERAL Este sitio web es operado por Rippa-Iberica. A lo largo del sitio, los t\u00e9rminos \u00abnosotros\u00bb, \u00abnos\u00bb y \u00abnuestro\u00bb se refieren a Rippa-Iberica. Rippa-Ibericaofrece este sitio web, incluida toda la informaci\u00f3n, herramientas y servicios disponibles desde este sitio, a usted, el usuario, condicionado a la aceptaci\u00f3n de todos los t\u00e9rminos, condiciones, pol\u00edticas y avisos...","og_url":"https:\/\/rippaiberica.com\/?page_id=1481","og_site_name":"Rippa Iberica - Espa\u00f1a y Portugal","article_modified_time":"2025-12-17T10:30:50+00:00","twitter_card":"summary_large_image","twitter_misc":{"Tiempo de lectura":"7 minutos"},"schema":{"@context":"https:\/\/schema.org","@graph":[{"@type":"WebPage","@id":"https:\/\/rippaiberica.com\/?page_id=1481","url":"https:\/\/rippaiberica.com\/?page_id=1481","name":"TERMINOS Y CONDICIONES - Rippa Iberica - Espa\u00f1a y Portugal","isPartOf":{"@id":"https:\/\/rippaiberica.com\/#website"},"primaryImageOfPage":{"@id":"https:\/\/rippaiberica.com\/?page_id=1481#primaryimage"},"image":{"@id":"https:\/\/rippaiberica.com\/?page_id=1481#primaryimage"},"thumbnailUrl":"","datePublished":"2024-09-12T12:34:54+00:00","dateModified":"2025-12-17T10:30:50+00:00","breadcrumb":{"@id":"https:\/\/rippaiberica.com\/?page_id=1481#breadcrumb"},"inLanguage":"es","potentialAction":[{"@type":"ReadAction","target":["https:\/\/rippaiberica.com\/?page_id=1481"]}]},{"@type":"ImageObject","inLanguage":"es","@id":"https:\/\/rippaiberica.com\/?page_id=1481#primaryimage","url":"","contentUrl":""},{"@type":"BreadcrumbList","@id":"https:\/\/rippaiberica.com\/?page_id=1481#breadcrumb","itemListElement":[{"@type":"ListItem","position":1,"name":"Inicio","item":"https:\/\/rippaiberica.com\/"},{"@type":"ListItem","position":2,"name":"TERMINOS Y CONDICIONES"}]},{"@type":"WebSite","@id":"https:\/\/rippaiberica.com\/#website","url":"https:\/\/rippaiberica.com\/","name":"Rippa Iberica - Espa\u00f1a y Portugal","description":"","publisher":{"@id":"https:\/\/rippaiberica.com\/#organization"},"potentialAction":[{"@type":"SearchAction","target":{"@type":"EntryPoint","urlTemplate":"https:\/\/rippaiberica.com\/?s={search_term_string}"},"query-input":{"@type":"PropertyValueSpecification","valueRequired":true,"valueName":"search_term_string"}}],"inLanguage":"es"},{"@type":"Organization","@id":"https:\/\/rippaiberica.com\/#organization","name":"Rippa Iberica - Espa\u00f1a y Portugal","url":"https:\/\/rippaiberica.com\/","logo":{"@type":"ImageObject","inLanguage":"es","@id":"https:\/\/rippaiberica.com\/#\/schema\/logo\/image\/","url":"https:\/\/rippaiberica.com\/wp-content\/uploads\/2025\/10\/logo-blanco.png","contentUrl":"https:\/\/rippaiberica.com\/wp-content\/uploads\/2025\/10\/logo-blanco.png","width":1920,"height":578,"caption":"Rippa Iberica - Espa\u00f1a y Portugal"},"image":{"@id":"https:\/\/rippaiberica.com\/#\/schema\/logo\/image\/"}}]}},"jetpack_sharing_enabled":true,"_links":{"self":[{"href":"https:\/\/rippaiberica.com\/index.php?rest_route=\/wp\/v2\/pages\/1481","targetHints":{"allow":["GET"]}}],"collection":[{"href":"https:\/\/rippaiberica.com\/index.php?rest_route=\/wp\/v2\/pages"}],"about":[{"href":"https:\/\/rippaiberica.com\/index.php?rest_route=\/wp\/v2\/types\/page"}],"author":[{"embeddable":true,"href":"https:\/\/rippaiberica.com\/index.php?rest_route=\/wp\/v2\/users\/1"}],"replies":[{"embeddable":true,"href":"https:\/\/rippaiberica.com\/index.php?rest_route=%2Fwp%2Fv2%2Fcomments&post=1481"}],"version-history":[{"count":3,"href":"https:\/\/rippaiberica.com\/index.php?rest_route=\/wp\/v2\/pages\/1481\/revisions"}],"predecessor-version":[{"id":2261,"href":"https:\/\/rippaiberica.com\/index.php?rest_route=\/wp\/v2\/pages\/1481\/revisions\/2261"}],"wp:featuredmedia":[{"embeddable":true,"href":"https:\/\/rippaiberica.com\/index.php?rest_route=\/"}],"wp:attachment":[{"href":"https:\/\/rippaiberica.com\/index.php?rest_route=%2Fwp%2Fv2%2Fmedia&parent=1481"}],"curies":[{"name":"wp","href":"https:\/\/api.w.org\/{rel}","templated":true}]}}